{"id":2146,"date":"2024-06-10T16:49:12","date_gmt":"2024-06-10T15:49:12","guid":{"rendered":"https:\/\/campingsantaeulalia.com\/?page_id=2146"},"modified":"2024-06-11T08:09:20","modified_gmt":"2024-06-11T07:09:20","slug":"termes-et-conditions","status":"publish","type":"page","link":"https:\/\/campingsantaeulalia.com\/fr\/terminos-y-condiciones\/","title":{"rendered":"termes et conditions"},"content":{"rendered":"<h1 class=\"wp-block-heading\">termes et conditions<\/h1>\n\n\n\n<p><strong>1. Informations g\u00e9n\u00e9rales<\/strong><\/p>\n\n\n\n<p>Conform\u00e9ment \u00e0 la loi 34\/2002 du 11 juillet relative aux services de la soci\u00e9t\u00e9 de l&#039;information et au commerce \u00e9lectronique, les utilisateurs du site Web du Camping Santa Eulalia sont inform\u00e9s des informations suivantes :<\/p>\n\n\n\n<p>a) Nom ou raison sociale : Centre de Negocis TGN SL<\/p>\n\n\n\n<p>b) Si\u00e8ge social : Adresse : Ctra. De la platja, sn 43893 Altafulla (Tarragone)<\/p>\n\n\n\n<p>c) Adresse email : info@campingsantaeulalia.com<\/p>\n\n\n\n<p>d) T\u00e9l\u00e9phone : (+34) 977 65 02 13<\/p>\n\n\n\n<p>e) Num\u00e9ro d&#039;identification fiscale (NIF) : B43674431<\/p>\n\n\n\n<p><strong>2. Politique d&#039;annulation de commande<\/strong><\/p>\n\n\n\n<p>Les conditions d&#039;annulation sont les suivantes :<\/p>\n\n\n\n<ul class=\"wp-block-list\">\n<li>Annulations plus de 30 jours \u00e0 l&#039;avance : Remboursement du 90% du paiement et de l&#039;acompte.<\/li>\n\n\n\n<li>Annulations moins de 30 jours et plus de 14 jours \u00e0 l&#039;avance : Remboursement du 50% de l&#039;acompte.<\/li>\n\n\n\n<li>Annulations avec un pr\u00e9avis de moins de 14 jours\u00a0: aucun remboursement ne sera effectu\u00e9.<\/li>\n<\/ul>\n\n\n\n<p><strong>3. Politique de retour et de remboursement<\/strong><\/p>\n\n\n\n<p>En cas d&#039;annulation dans les conditions ci-dessus, le remboursement sera effectu\u00e9 en utilisant le m\u00eame moyen de paiement que celui utilis\u00e9 lors de la transaction initiale, sauf accord expr\u00e8s contraire. Nous nous effor\u00e7ons de traiter les retours dans les plus brefs d\u00e9lais.<\/p>\n\n\n\n<p><strong>4. S\u00e9curit\u00e9 et protection des acheteurs (Politique en mati\u00e8re de cookies)<\/strong><\/p>\n\n\n\n<p>Notre site Web utilise des cookies pour garantir la meilleure exp\u00e9rience utilisateur. Les cookies sont des fichiers texte qui sont stock\u00e9s sur votre appareil lorsque vous visitez notre site Internet. Pour plus d&#039;informations sur l&#039;utilisation des cookies, consultez notre <a href=\"https:\/\/campingsantaeulalia.com\/fr\/politique-de-confidentialite\/\" data-type=\"page\" data-id=\"1681\">Politique de cookies<\/a>.<\/p>\n\n\n\n<p><strong>5. Exp\u00e9dition, confidentialit\u00e9 et protection des donn\u00e9es<\/strong><\/p>\n\n\n\n<p>Le Camping Santa Eulalia s&#039;engage \u00e0 prot\u00e9ger la vie priv\u00e9e de ses utilisateurs et la confidentialit\u00e9 de leurs donn\u00e9es personnelles, conform\u00e9ment aux dispositions du R\u00e8glement G\u00e9n\u00e9ral sur la Protection des Donn\u00e9es (RGPD) et de la Loi Organique 3\/2018 sur la Protection des Donn\u00e9es Personnelles et la garantie des droits num\u00e9riques.<\/p>\n\n\n\n<p><strong>Collecte de donn\u00e9es personnelles\u00a0:<\/strong><\/p>\n\n\n\n<p>Les donn\u00e9es personnelles collect\u00e9es via notre site Web seront incorpor\u00e9es dans un fichier de donn\u00e9es personnelles dont le Centre de Negocis TGN SL est responsable, dans le but de g\u00e9rer la relation avec les utilisateurs, de r\u00e9pondre \u00e0 leurs demandes et d&#039;am\u00e9liorer nos services.<\/p>\n\n\n\n<p><strong>Droits de l&#039;utilisateur:<\/strong><\/p>\n\n\n\n<p>Les utilisateurs peuvent exercer leurs droits d&#039;acc\u00e8s, de rectification, d&#039;annulation et d&#039;opposition par communication \u00e9crite \u00e0 notre adresse postale ou par courrier \u00e9lectronique, en joignant une copie de leur pi\u00e8ce d&#039;identit\u00e9.<\/p>\n\n\n\n<p><strong>Confidentialit\u00e9 et s\u00e9curit\u00e9\u00a0:<\/strong><\/p>\n\n\n\n<p>Le Camping Santa Eulalia adopte les mesures techniques et organisationnelles n\u00e9cessaires pour garantir la s\u00e9curit\u00e9 et l&#039;int\u00e9grit\u00e9 des donn\u00e9es personnelles et emp\u00eacher leur alt\u00e9ration, perte, traitement ou acc\u00e8s non autoris\u00e9, conform\u00e9ment \u00e0 l&#039;\u00e9tat de la technologie.<\/p>\n\n\n\n<p>Pour toute question ou requ\u00eate concernant ces termes et conditions, veuillez nous contacter via notre email info@campingsantaeulalia.com.<\/p>\n\n\n\n<p><strong>6. Modifications<\/strong><\/p>\n\n\n\n<p>Centre de Negocis TGN SL se r\u00e9serve le droit de modifier ces conditions sans pr\u00e9avis. Les modifications seront publi\u00e9es sur cette m\u00eame page et prendront effet d\u00e8s la publication.<\/p>","protected":false},"excerpt":{"rendered":"<p>Terminos y condiciones 1. Informaci\u00f3n General En cumplimiento de la Ley 34\/2002, de 11 de julio, de servicios de la sociedad de la informaci\u00f3n y de comercio electr\u00f3nico, se informa a los usuarios de la p\u00e1gina web de Camping Santa Eulalia de los siguientes datos: a) Nombre o denominaci\u00f3n social: Centre de Negocis TGN S.L. [&hellip;]<\/p>\n","protected":false},"author":1,"featured_media":0,"parent":0,"menu_order":0,"comment_status":"closed","ping_status":"closed","template":"","meta":{"site-sidebar-layout":"default","site-content-layout":"","ast-site-content-layout":"default","site-content-style":"default","site-sidebar-style":"default","ast-global-header-display":"","ast-banner-title-visibility":"","ast-main-header-display":"","ast-hfb-above-header-display":"","ast-hfb-below-header-display":"","ast-hfb-mobile-header-display":"","site-post-title":"","ast-breadcrumbs-content":"","ast-featured-img":"","footer-sml-layout":"","ast-disable-related-posts":"","theme-transparent-header-meta":"","adv-header-id-meta":"","stick-header-meta":"","header-above-stick-meta":"","header-main-stick-meta":"","header-below-stick-meta":"","astra-migrate-meta-layouts":"set","ast-page-background-enabled":"default","ast-page-background-meta":{"desktop":{"background-color":"","background-image":"","background-repeat":"repeat","background-position":"center center","background-size":"auto","background-attachment":"scroll","background-type":"","background-media":"","overlay-type":"","overlay-color":"","overlay-opacity":"","overlay-gradient":""},"tablet":{"background-color":"","background-image":"","background-repeat":"repeat","background-position":"center center","background-size":"auto","background-attachment":"scroll","background-type":"","background-media":"","overlay-type":"","overlay-color":"","overlay-opacity":"","overlay-gradient":""},"mobile":{"background-color":"","background-image":"","background-repeat":"repeat","background-position":"center center","background-size":"auto","background-attachment":"scroll","background-type":"","background-media":"","overlay-type":"","overlay-color":"","overlay-opacity":"","overlay-gradient":""}},"ast-content-background-meta":{"desktop":{"background-color":"var(--ast-global-color-5)","background-image":"","background-repeat":"repeat","background-position":"center center","background-size":"auto","background-attachment":"scroll","background-type":"","background-media":"","overlay-type":"","overlay-color":"","overlay-opacity":"","overlay-gradient":""},"tablet":{"background-color":"var(--ast-global-color-5)","background-image":"","background-repeat":"repeat","background-position":"center center","background-size":"auto","background-attachment":"scroll","background-type":"","background-media":"","overlay-type":"","overlay-color":"","overlay-opacity":"","overlay-gradient":""},"mobile":{"background-color":"var(--ast-global-color-5)","background-image":"","background-repeat":"repeat","background-position":"center center","background-size":"auto","background-attachment":"scroll","background-type":"","background-media":"","overlay-type":"","overlay-color":"","overlay-opacity":"","overlay-gradient":""}},"footnotes":""},"class_list":["post-2146","page","type-page","status-publish","hentry"],"_links":{"self":[{"href":"https:\/\/campingsantaeulalia.com\/fr\/wp-json\/wp\/v2\/pages\/2146","targetHints":{"allow":["GET"]}}],"collection":[{"href":"https:\/\/campingsantaeulalia.com\/fr\/wp-json\/wp\/v2\/pages"}],"about":[{"href":"https:\/\/campingsantaeulalia.com\/fr\/wp-json\/wp\/v2\/types\/page"}],"author":[{"embeddable":true,"href":"https:\/\/campingsantaeulalia.com\/fr\/wp-json\/wp\/v2\/users\/1"}],"replies":[{"embeddable":true,"href":"https:\/\/campingsantaeulalia.com\/fr\/wp-json\/wp\/v2\/comments?post=2146"}],"version-history":[{"count":3,"href":"https:\/\/campingsantaeulalia.com\/fr\/wp-json\/wp\/v2\/pages\/2146\/revisions"}],"predecessor-version":[{"id":2152,"href":"https:\/\/campingsantaeulalia.com\/fr\/wp-json\/wp\/v2\/pages\/2146\/revisions\/2152"}],"wp:attachment":[{"href":"https:\/\/campingsantaeulalia.com\/fr\/wp-json\/wp\/v2\/media?parent=2146"}],"curies":[{"name":"wp","href":"https:\/\/api.w.org\/{rel}","templated":true}]}}