{"id":1704,"date":"2024-01-29T12:30:00","date_gmt":"2024-01-29T11:30:00","guid":{"rendered":"http:\/\/campingsantaeulalia.com\/?page_id=1704"},"modified":"2024-01-29T12:30:25","modified_gmt":"2024-01-29T11:30:25","slug":"covid-19-feminine","status":"publish","type":"page","link":"https:\/\/campingsantaeulalia.com\/fr\/covid-19\/","title":{"rendered":"COVID-19 [feminine"},"content":{"rendered":"<div data-elementor-type=\"wp-page\" data-elementor-id=\"1704\" class=\"elementor elementor-1704\" data-elementor-post-type=\"page\">\n\t\t\t\t<div class=\"elementor-element elementor-element-8f4d0c8 e-flex e-con-boxed e-con e-parent\" data-id=\"8f4d0c8\" data-element_type=\"container\" data-e-type=\"container\">\n\t\t\t\t\t<div class=\"e-con-inner\">\n\t\t\t\t<div class=\"elementor-element elementor-element-c74a9c2 elementor-widget elementor-widget-heading\" data-id=\"c74a9c2\" data-element_type=\"widget\" data-e-type=\"widget\" data-widget_type=\"heading.default\">\n\t\t\t\t<div class=\"elementor-widget-container\">\n\t\t\t\t\t<h2 class=\"elementor-heading-title elementor-size-default\">COVID-19 [feminine<\/h2>\t\t\t\t<\/div>\n\t\t\t\t<\/div>\n\t\t\t\t<div class=\"elementor-element elementor-element-159beab elementor-widget elementor-widget-text-editor\" data-id=\"159beab\" data-element_type=\"widget\" data-e-type=\"widget\" data-widget_type=\"text-editor.default\">\n\t\t\t\t<div class=\"elementor-widget-container\">\n\t\t\t\t\t\t\t\t\t<h3 class=\"wp-block-heading\">PERSONNEL DU CAMPING\u00a0:<\/h3><ul><li>Tous les travailleurs du Camping sont conscients des protocoles \u00e0 suivre. Tous feront prendre leur temp\u00e9rature avant d\u2019entrer sur leur lieu de travail et porteront tous les EPI n\u00e9cessaires.<\/li><\/ul><h3 class=\"wp-block-heading\">R\u00c9CEPTION D&#039;ENREGISTREMENT\u00a0:<\/h3><ul><li>Compte tenu de la situation, nous demandons \u00e0 nos clients de faire preuve de compr\u00e9hension quant aux \u00e9ventuelles attentes, afin de respecter les distances de s\u00e9curit\u00e9 et les mesures de pr\u00e9vention. Une seule personne par famille peut se pr\u00e9senter au comptoir. C&#039;est celui qui enregistrera toute la cellule familiale et devra fournir tous les documents et\/ou identifications n\u00e9cessaires.<\/li><li>Il y aura un \u00e9cran en m\u00e9thacrylate avec une fen\u00eatre inf\u00e9rieure \u00e9troite qui s\u00e9pare le r\u00e9ceptionniste du client.<\/li><li>L&#039;\u00e9cran sera nettoy\u00e9 fr\u00e9quemment, en raison d&#039;\u00e9ventuels d\u00e9bris qui pourraient s&#039;y d\u00e9poser.<\/li><li>Le client sera inform\u00e9 des protocoles existants dans chaque zone de l&#039;\u00e9tablissement et se verra remettre un guide de bonnes pratiques.<\/li><li>Le personnel d&#039;accueil et de s\u00e9curit\u00e9 indiquera au client o\u00f9 laisser le v\u00e9hicule pendant l&#039;enregistrement.<\/li><\/ul><h3 class=\"wp-block-heading\">VISITES :<\/h3><ul><li>Les m\u00eames mesures d&#039;enregistrement leur seront appliqu\u00e9es qu&#039;aux autres clients et l&#039;application de la pr\u00e9sente r\u00e9glementation.<\/li><\/ul><h3 class=\"wp-block-heading\">H\u00c9BERGEMENT\u00a0:<\/h3><ul><li>Ils seront accompagn\u00e9s au bungalow\/maison OASIS et son fonctionnement leur sera expliqu\u00e9 sans y entrer, puisque les logements, avant la nouvelle occupation, auront \u00e9t\u00e9 d\u00e9sinfect\u00e9s et ainsi leur s\u00e9curit\u00e9 sera garantie. Les cl\u00e9s du logement seront livr\u00e9es d\u00e9sinfect\u00e9es.<\/li><\/ul><h3 class=\"wp-block-heading\">PISCINES:<\/h3><ul><li>Conform\u00e9ment aux r\u00e8gles de capacit\u00e9, le personnel de s\u00e9curit\u00e9 en contr\u00f4lera l&#039;acc\u00e8s. Le service sera intermittent pour pouvoir r\u00e9aliser des actions de d\u00e9sinfection dans les espaces communs. Nous avons r\u00e9duit le nombre de hamacs autant que n\u00e9cessaire pour respecter la distance de s\u00e9curit\u00e9. Le personnel les d\u00e9sinfectera.<\/li><\/ul><h3 class=\"wp-block-heading\">ACTIVIT\u00c9S:<\/h3><ul><li>Suivez le protocole \u00e9tabli et maintenez la distance de s\u00e9curit\u00e9 et l&#039;hygi\u00e8ne appropri\u00e9e. L&#039;\u00e9quipe d&#039;animation communiquera la capacit\u00e9 maximale pour chaque type d&#039;activit\u00e9. Soyez conscient de la situation et prenez les bonnes mesures d\u2019hygi\u00e8ne personnelle pour vous entraider.<\/li><\/ul><h3 class=\"wp-block-heading\">AIRES COMMUNES:<\/h3><ul><li>Les mineurs de moins de 14 ans doivent toujours \u00eatre accompagn\u00e9s d&#039;un adulte, jusqu&#039;\u00e0 ce que les autorit\u00e9s comp\u00e9tentes diminuent les phases d&#039;alerte. Il est de la responsabilit\u00e9 des parents ou tuteurs de surveiller le comportement de leurs enfants ou tuteurs pendant ces p\u00e9riodes exceptionnelles.<\/li><li>Un nettoyage constant sera effectu\u00e9 et des mesures de s\u00e9curit\u00e9 et de distance d&#039;hygi\u00e8ne \u00e9tablies seront prises. Les espaces communs (r\u00e9ception, restaurants, piscines, salle polyvalente, etc...) disposeront de panneaux indiquant les protocoles \u00e0 suivre.<\/li><li>Du gel d\u00e9sinfectant et un nettoyage constant des comptoirs seront \u00e0 la disposition des clients dans tous les points de service.<\/li><li>SOURCES D&#039;EAU POTABLE : Il est tr\u00e8s important de suivre les instructions indiqu\u00e9es sur les panneaux d&#039;information. Seuls les adultes pourront remplir leurs bouteilles d\u2019eau sans toucher directement le goulot de la bouteille avec les robinets.<\/li><li>PARCELLES : Il est de la responsabilit\u00e9 des clients de respecter les espaces des parcelles adjacentes et d&#039;\u00e9viter autant que possible de les occuper, toujours sous leur propre responsabilit\u00e9.<\/li><li>BLOCS SANITAIRES : Il y aura un nettoyage et une d\u00e9sinfection constants. Le personnel de nettoyage est form\u00e9 pour effectuer la bonne d\u00e9sinfection et les produits agr\u00e9\u00e9s par le Minist\u00e8re de la Sant\u00e9 destin\u00e9s \u00e0 cet effet seront utilis\u00e9s.<\/li><li>\u00c9VIERS DU LAVE-VAISSELLE\u00a0: Ils seront ouverts et un nettoyage et une d\u00e9sinfection constants seront appliqu\u00e9s comme le reste des toilettes, mais nous conseillons toujours de maintenir une distance de s\u00e9curit\u00e9 entre les clients.<\/li><\/ul><h3 class=\"wp-block-heading\">INCIDENTS ET QUESTIONS\u00a0:<\/h3><ul><li>Nous demandons que toutes les questions et demandes de services, aussi bien avant votre arriv\u00e9e que pendant votre s\u00e9jour, soient effectu\u00e9es par t\u00e9l\u00e9phone (+34 977 65 02 13) (+34 650 12 56 81)<\/li><\/ul>\t\t\t\t\t\t\t\t<\/div>\n\t\t\t\t<\/div>\n\t\t\t\t\t<\/div>\n\t\t\t\t<\/div>\n\t\t\t\t<\/div>","protected":false},"excerpt":{"rendered":"<p>Covid-19 PERSONAL DEL CAMPING: Todos los trabajadores del Camping, son conocedores de los protocolos a seguir. A todos ellos se les tomar\u00e1 la temperatura antes de incorporarse a su puesto de trabajo y llevaran todos los EPIS necesarios. CHECK-IN RECEPCI\u00d3N: Dada la situaci\u00f3n, pedimos a nuestros clientes comprensi\u00f3n ante posibles esperas, con el fin de [&hellip;]<\/p>\n","protected":false},"author":1,"featured_media":0,"parent":0,"menu_order":0,"comment_status":"closed","ping_status":"closed","template":"","meta":{"site-sidebar-layout":"no-sidebar","site-content-layout":"page-builder","ast-site-content-layout":"full-width-container","site-content-style":"default","site-sidebar-style":"default","ast-global-header-display":"","ast-banner-title-visibility":"","ast-main-header-display":"","ast-hfb-above-header-display":"","ast-hfb-below-header-display":"","ast-hfb-mobile-header-display":"","site-post-title":"disabled","ast-breadcrumbs-content":"","ast-featured-img":"disabled","footer-sml-layout":"","ast-disable-related-posts":"","theme-transparent-header-meta":"","adv-header-id-meta":"","stick-header-meta":"","header-above-stick-meta":"","header-main-stick-meta":"","header-below-stick-meta":"","astra-migrate-meta-layouts":"set","ast-page-background-enabled":"default","ast-page-background-meta":{"desktop":{"background-color":"","background-image":"","background-repeat":"repeat","background-position":"center center","background-size":"auto","background-attachment":"scroll","background-type":"","background-media":"","overlay-type":"","overlay-color":"","overlay-opacity":"","overlay-gradient":""},"tablet":{"background-color":"","background-image":"","background-repeat":"repeat","background-position":"center center","background-size":"auto","background-attachment":"scroll","background-type":"","background-media":"","overlay-type":"","overlay-color":"","overlay-opacity":"","overlay-gradient":""},"mobile":{"background-color":"","background-image":"","background-repeat":"repeat","background-position":"center center","background-size":"auto","background-attachment":"scroll","background-type":"","background-media":"","overlay-type":"","overlay-color":"","overlay-opacity":"","overlay-gradient":""}},"ast-content-background-meta":{"desktop":{"background-color":"var(--ast-global-color-5)","background-image":"","background-repeat":"repeat","background-position":"center center","background-size":"auto","background-attachment":"scroll","background-type":"","background-media":"","overlay-type":"","overlay-color":"","overlay-opacity":"","overlay-gradient":""},"tablet":{"background-color":"var(--ast-global-color-5)","background-image":"","background-repeat":"repeat","background-position":"center center","background-size":"auto","background-attachment":"scroll","background-type":"","background-media":"","overlay-type":"","overlay-color":"","overlay-opacity":"","overlay-gradient":""},"mobile":{"background-color":"var(--ast-global-color-5)","background-image":"","background-repeat":"repeat","background-position":"center center","background-size":"auto","background-attachment":"scroll","background-type":"","background-media":"","overlay-type":"","overlay-color":"","overlay-opacity":"","overlay-gradient":""}},"footnotes":""},"class_list":["post-1704","page","type-page","status-publish","hentry"],"_links":{"self":[{"href":"https:\/\/campingsantaeulalia.com\/fr\/wp-json\/wp\/v2\/pages\/1704","targetHints":{"allow":["GET"]}}],"collection":[{"href":"https:\/\/campingsantaeulalia.com\/fr\/wp-json\/wp\/v2\/pages"}],"about":[{"href":"https:\/\/campingsantaeulalia.com\/fr\/wp-json\/wp\/v2\/types\/page"}],"author":[{"embeddable":true,"href":"https:\/\/campingsantaeulalia.com\/fr\/wp-json\/wp\/v2\/users\/1"}],"replies":[{"embeddable":true,"href":"https:\/\/campingsantaeulalia.com\/fr\/wp-json\/wp\/v2\/comments?post=1704"}],"version-history":[{"count":4,"href":"https:\/\/campingsantaeulalia.com\/fr\/wp-json\/wp\/v2\/pages\/1704\/revisions"}],"predecessor-version":[{"id":1708,"href":"https:\/\/campingsantaeulalia.com\/fr\/wp-json\/wp\/v2\/pages\/1704\/revisions\/1708"}],"wp:attachment":[{"href":"https:\/\/campingsantaeulalia.com\/fr\/wp-json\/wp\/v2\/media?parent=1704"}],"curies":[{"name":"wp","href":"https:\/\/api.w.org\/{rel}","templated":true}]}}