{"id":1613,"date":"2024-01-29T11:31:32","date_gmt":"2024-01-29T10:31:32","guid":{"rendered":"http:\/\/campingsantaeulalia.com\/?page_id=1613"},"modified":"2024-02-01T15:05:32","modified_gmt":"2024-02-01T14:05:32","slug":"informations","status":"publish","type":"page","link":"https:\/\/campingsantaeulalia.com\/fr\/noticias\/","title":{"rendered":"informations"},"content":{"rendered":"<div data-elementor-type=\"wp-page\" data-elementor-id=\"1613\" class=\"elementor elementor-1613\" data-elementor-post-type=\"page\">\n\t\t\t\t<div class=\"elementor-element elementor-element-22cbf17 e-flex e-con-boxed e-con e-parent\" data-id=\"22cbf17\" data-element_type=\"container\" data-e-type=\"container\" data-settings=\"{&quot;background_background&quot;:&quot;classic&quot;}\">\n\t\t\t\t\t<div class=\"e-con-inner\">\n\t\t<div class=\"elementor-element elementor-element-44237a9 e-con-full e-flex e-con e-child\" data-id=\"44237a9\" data-element_type=\"container\" data-e-type=\"container\">\n\t\t\t\t<div class=\"elementor-element elementor-element-a893279 elementor-widget elementor-widget-heading\" data-id=\"a893279\" data-element_type=\"widget\" data-e-type=\"widget\" data-widget_type=\"heading.default\">\n\t\t\t\t<div class=\"elementor-widget-container\">\n\t\t\t\t\t<h1 class=\"elementor-heading-title elementor-size-default\">informations<\/h1>\t\t\t\t<\/div>\n\t\t\t\t<\/div>\n\t\t\t\t<\/div>\n\t\t\t\t\t<\/div>\n\t\t\t\t<\/div>\n\t\t<div class=\"elementor-element elementor-element-ebeaa1d e-flex e-con-boxed e-con e-parent\" data-id=\"ebeaa1d\" data-element_type=\"container\" data-e-type=\"container\">\n\t\t\t\t\t<div class=\"e-con-inner\">\n\t\t\t\t<div class=\"elementor-element elementor-element-e7108c9 elementor-grid-3 elementor-grid-tablet-2 elementor-grid-mobile-1 elementor-posts--thumbnail-top elementor-card-shadow-yes elementor-posts__hover-gradient elementor-widget elementor-widget-posts\" data-id=\"e7108c9\" data-element_type=\"widget\" data-e-type=\"widget\" data-settings=\"{&quot;pagination_type&quot;:&quot;numbers_and_prev_next&quot;,&quot;cards_columns&quot;:&quot;3&quot;,&quot;cards_columns_tablet&quot;:&quot;2&quot;,&quot;cards_columns_mobile&quot;:&quot;1&quot;,&quot;cards_row_gap&quot;:{&quot;unit&quot;:&quot;px&quot;,&quot;size&quot;:35,&quot;sizes&quot;:[]},&quot;cards_row_gap_tablet&quot;:{&quot;unit&quot;:&quot;px&quot;,&quot;size&quot;:&quot;&quot;,&quot;sizes&quot;:[]},&quot;cards_row_gap_mobile&quot;:{&quot;unit&quot;:&quot;px&quot;,&quot;size&quot;:&quot;&quot;,&quot;sizes&quot;:[]}}\" data-widget_type=\"posts.cards\">\n\t\t\t\t<div class=\"elementor-widget-container\">\n\t\t\t\t\t\t\t<div class=\"elementor-posts-container elementor-posts elementor-posts--skin-cards elementor-grid\" role=\"list\">\n\t\t\t\t<article class=\"elementor-post elementor-grid-item post-2289 post type-post status-publish format-standard has-post-thumbnail hentry category-uncategorized\" role=\"listitem\">\n\t\t\t<div class=\"elementor-post__card\">\n\t\t\t\t<a class=\"elementor-post__thumbnail__link\" href=\"https:\/\/campingsantaeulalia.com\/fr\/estrenamos-nueva-terraza-junto-a-la-piscina\/\" tabindex=\"-1\" ><div class=\"elementor-post__thumbnail\"><img decoding=\"async\" width=\"300\" height=\"139\" data-src=\"https:\/\/campingsantaeulalia.com\/wp-content\/uploads\/2025\/04\/20250401_075338-300x139.jpg\" class=\"attachment-medium size-medium wp-image-2283 lazyload\" alt=\"\" data-srcset=\"https:\/\/campingsantaeulalia.com\/wp-content\/uploads\/2025\/04\/20250401_075338-300x139.jpg 300w, https:\/\/campingsantaeulalia.com\/wp-content\/uploads\/2025\/04\/20250401_075338-1024x473.jpg 1024w, https:\/\/campingsantaeulalia.com\/wp-content\/uploads\/2025\/04\/20250401_075338-768x355.jpg 768w, https:\/\/campingsantaeulalia.com\/wp-content\/uploads\/2025\/04\/20250401_075338-1536x710.jpg 1536w, https:\/\/campingsantaeulalia.com\/wp-content\/uploads\/2025\/04\/20250401_075338-2048x946.jpg 2048w, https:\/\/campingsantaeulalia.com\/wp-content\/uploads\/2025\/04\/20250401_075338-18x8.jpg 18w\" data-sizes=\"(max-width: 300px) 100vw, 300px\" title=\"\" src=\"data:image\/svg+xml;base64,PHN2ZyB3aWR0aD0iMSIgaGVpZ2h0PSIxIiB4bWxucz0iaHR0cDovL3d3dy53My5vcmcvMjAwMC9zdmciPjwvc3ZnPg==\" style=\"--smush-placeholder-width: 300px; --smush-placeholder-aspect-ratio: 300\/139;\"><\/div><\/a>\n\t\t\t\t<div class=\"elementor-post__text\">\n\t\t\t\t<h3 class=\"elementor-post__title\">\n\t\t\t<a href=\"https:\/\/campingsantaeulalia.com\/fr\/estrenamos-nueva-terraza-junto-a-la-piscina\/\" >\n\t\t\t\tNous avons une nouvelle terrasse \u00e0 c\u00f4t\u00e9 de la piscine !\t\t\t<\/a>\n\t\t<\/h3>\n\t\t\t\t<div class=\"elementor-post__excerpt\">\n\t\t\t<p>Au Camping Santa Eulalia, nous continuons \u00e0 nous am\u00e9liorer pour vous : nous avons agrandi la terrasse du bar-restaurant au bord de la piscine.<\/p>\n\t\t<\/div>\n\t\t\n\t\t<a class=\"elementor-post__read-more\" href=\"https:\/\/campingsantaeulalia.com\/fr\/estrenamos-nueva-terraza-junto-a-la-piscina\/\" aria-label=\"Apprenez-en plus sur notre nouvelle terrasse au bord de la piscine !\" tabindex=\"-1\" >\n\t\t\tLire plus &quot;\t\t<\/a>\n\n\t\t\t\t<\/div>\n\t\t\t\t<div class=\"elementor-post__meta-data\">\n\t\t\t\t\t<span class=\"elementor-post-date\">\n\t\t\t03\/04\/2025\t\t<\/span>\n\t\t\t\t<\/div>\n\t\t\t\t\t<\/div>\n\t\t<\/article>\n\t\t\t\t<article class=\"elementor-post elementor-grid-item post-1924 post type-post status-publish format-standard has-post-thumbnail hentry category-sin-categorizar\" role=\"listitem\">\n\t\t\t<div class=\"elementor-post__card\">\n\t\t\t\t<a class=\"elementor-post__thumbnail__link\" href=\"https:\/\/campingsantaeulalia.com\/fr\/placas-fotovoltaicas\/\" tabindex=\"-1\" ><div class=\"elementor-post__thumbnail\"><img fetchpriority=\"high\" decoding=\"async\" width=\"225\" height=\"300\" src=\"https:\/\/campingsantaeulalia.com\/wp-content\/uploads\/2023\/04\/whatsapp-image-2023-04-13-at-190545-225x300.jpeg\" class=\"attachment-medium size-medium wp-image-1926\" alt=\"\" srcset=\"https:\/\/campingsantaeulalia.com\/wp-content\/uploads\/2023\/04\/whatsapp-image-2023-04-13-at-190545-225x300.jpeg 225w, https:\/\/campingsantaeulalia.com\/wp-content\/uploads\/2023\/04\/whatsapp-image-2023-04-13-at-190545-9x12.jpeg 9w, https:\/\/campingsantaeulalia.com\/wp-content\/uploads\/2023\/04\/whatsapp-image-2023-04-13-at-190545.jpeg 768w\" sizes=\"(max-width: 225px) 100vw, 225px\" title=\"\"><\/div><\/a>\n\t\t\t\t<div class=\"elementor-post__text\">\n\t\t\t\t<h3 class=\"elementor-post__title\">\n\t\t\t<a href=\"https:\/\/campingsantaeulalia.com\/fr\/placas-fotovoltaicas\/\" >\n\t\t\t\tPanneaux photovolta\u00efques\t\t\t<\/a>\n\t\t<\/h3>\n\t\t\t\t<div class=\"elementor-post__excerpt\">\n\t\t\t<p>Le camping, engag\u00e9 pour l&#039;environnement, a install\u00e9 75 panneaux photovolta\u00efques, contribuant ainsi \u00e0 r\u00e9duire l&#039;empreinte CO2.<\/p>\n\t\t<\/div>\n\t\t\n\t\t<a class=\"elementor-post__read-more\" href=\"https:\/\/campingsantaeulalia.com\/fr\/placas-fotovoltaicas\/\" aria-label=\"En savoir plus sur Panneaux Photovolta\u00efques\" tabindex=\"-1\" >\n\t\t\tLire plus &quot;\t\t<\/a>\n\n\t\t\t\t<\/div>\n\t\t\t\t<div class=\"elementor-post__meta-data\">\n\t\t\t\t\t<span class=\"elementor-post-date\">\n\t\t\t22\/04\/2023\t\t<\/span>\n\t\t\t\t<\/div>\n\t\t\t\t\t<\/div>\n\t\t<\/article>\n\t\t\t\t<article class=\"elementor-post elementor-grid-item post-1936 post type-post status-publish format-standard has-post-thumbnail hentry category-sin-categorizar\" role=\"listitem\">\n\t\t\t<div class=\"elementor-post__card\">\n\t\t\t\t<a class=\"elementor-post__thumbnail__link\" href=\"https:\/\/campingsantaeulalia.com\/fr\/novedad-2023\/\" tabindex=\"-1\" ><div class=\"elementor-post__thumbnail\"><img decoding=\"async\" width=\"225\" height=\"300\" data-src=\"https:\/\/campingsantaeulalia.com\/wp-content\/uploads\/2023\/04\/whatsapp-image-2023-03-28-at-104902-e1682157843966-225x300.jpeg\" class=\"attachment-medium size-medium wp-image-1939 lazyload\" alt=\"\" data-srcset=\"https:\/\/campingsantaeulalia.com\/wp-content\/uploads\/2023\/04\/whatsapp-image-2023-03-28-at-104902-e1682157843966-225x300.jpeg 225w, https:\/\/campingsantaeulalia.com\/wp-content\/uploads\/2023\/04\/whatsapp-image-2023-03-28-at-104902-e1682157843966-9x12.jpeg 9w, https:\/\/campingsantaeulalia.com\/wp-content\/uploads\/2023\/04\/whatsapp-image-2023-03-28-at-104902-e1682157843966.jpeg 374w\" data-sizes=\"(max-width: 225px) 100vw, 225px\" title=\"\" src=\"data:image\/svg+xml;base64,PHN2ZyB3aWR0aD0iMSIgaGVpZ2h0PSIxIiB4bWxucz0iaHR0cDovL3d3dy53My5vcmcvMjAwMC9zdmciPjwvc3ZnPg==\" style=\"--smush-placeholder-width: 225px; --smush-placeholder-aspect-ratio: 225\/300;\"><\/div><\/a>\n\t\t\t\t<div class=\"elementor-post__text\">\n\t\t\t\t<h3 class=\"elementor-post__title\">\n\t\t\t<a href=\"https:\/\/campingsantaeulalia.com\/fr\/novedad-2023\/\" >\n\t\t\t\tSanitaire 2023\t\t\t<\/a>\n\t\t<\/h3>\n\t\t\t\t<div class=\"elementor-post__excerpt\">\n\t\t\t<p>Cette ann\u00e9e, pour plus de confort pour nos clients, nous avons enti\u00e8rement r\u00e9nov\u00e9 les toilettes dites &quot;machines \u00e0 laver&quot; <\/p>\n\t\t<\/div>\n\t\t\n\t\t<a class=\"elementor-post__read-more\" href=\"https:\/\/campingsantaeulalia.com\/fr\/novedad-2023\/\" aria-label=\"En savoir plus sur Sanitaire 2023\" tabindex=\"-1\" >\n\t\t\tLire plus &quot;\t\t<\/a>\n\n\t\t\t\t<\/div>\n\t\t\t\t<div class=\"elementor-post__meta-data\">\n\t\t\t\t\t<span class=\"elementor-post-date\">\n\t\t\t22\/04\/2023\t\t<\/span>\n\t\t\t\t<\/div>\n\t\t\t\t\t<\/div>\n\t\t<\/article>\n\t\t\t\t<article class=\"elementor-post elementor-grid-item post-1918 post type-post status-publish format-standard has-post-thumbnail hentry category-sin-categorizar\" role=\"listitem\">\n\t\t\t<div class=\"elementor-post__card\">\n\t\t\t\t<a class=\"elementor-post__thumbnail__link\" href=\"https:\/\/campingsantaeulalia.com\/fr\/nuevo-gimnasio\/\" tabindex=\"-1\" ><div class=\"elementor-post__thumbnail\"><img decoding=\"async\" width=\"300\" height=\"135\" data-src=\"https:\/\/campingsantaeulalia.com\/wp-content\/uploads\/2022\/04\/gym-2022-scaled-300x135.jpg\" class=\"attachment-medium size-medium wp-image-1919 lazyload\" alt=\"\" data-srcset=\"https:\/\/campingsantaeulalia.com\/wp-content\/uploads\/2022\/04\/gym-2022-scaled-300x135.jpg 300w, https:\/\/campingsantaeulalia.com\/wp-content\/uploads\/2022\/04\/gym-2022-scaled-1024x461.jpg 1024w, https:\/\/campingsantaeulalia.com\/wp-content\/uploads\/2022\/04\/gym-2022-scaled-768x346.jpg 768w, https:\/\/campingsantaeulalia.com\/wp-content\/uploads\/2022\/04\/gym-2022-scaled-1536x692.jpg 1536w, https:\/\/campingsantaeulalia.com\/wp-content\/uploads\/2022\/04\/gym-2022-scaled-2048x922.jpg 2048w, https:\/\/campingsantaeulalia.com\/wp-content\/uploads\/2022\/04\/gym-2022-scaled-18x8.jpg 18w, https:\/\/campingsantaeulalia.com\/wp-content\/uploads\/2022\/04\/gym-2022-scaled-2000x901.jpg 2000w\" data-sizes=\"(max-width: 300px) 100vw, 300px\" title=\"\" src=\"data:image\/svg+xml;base64,PHN2ZyB3aWR0aD0iMSIgaGVpZ2h0PSIxIiB4bWxucz0iaHR0cDovL3d3dy53My5vcmcvMjAwMC9zdmciPjwvc3ZnPg==\" style=\"--smush-placeholder-width: 300px; --smush-placeholder-aspect-ratio: 300\/135;\"><\/div><\/a>\n\t\t\t\t<div class=\"elementor-post__text\">\n\t\t\t\t<h3 class=\"elementor-post__title\">\n\t\t\t<a href=\"https:\/\/campingsantaeulalia.com\/fr\/nuevo-gimnasio\/\" >\n\t\t\t\tNouvelle salle de sport\t\t\t<\/a>\n\t\t<\/h3>\n\t\t\t\t<div class=\"elementor-post__excerpt\">\n\t\t\t<p>Nouvelle construction d&#039;une salle de sport compl\u00e8te \u00e9quip\u00e9e d&#039;une salle de spinning, o\u00f9 sont dispens\u00e9es des s\u00e9ances en ligne.<\/p>\n\t\t<\/div>\n\t\t\n\t\t<a class=\"elementor-post__read-more\" href=\"https:\/\/campingsantaeulalia.com\/fr\/nuevo-gimnasio\/\" aria-label=\"En savoir plus sur Nouvelle salle de sport\" tabindex=\"-1\" >\n\t\t\tLire plus &quot;\t\t<\/a>\n\n\t\t\t\t<\/div>\n\t\t\t\t<div class=\"elementor-post__meta-data\">\n\t\t\t\t\t<span class=\"elementor-post-date\">\n\t\t\t01\/04\/2022\t\t<\/span>\n\t\t\t\t<\/div>\n\t\t\t\t\t<\/div>\n\t\t<\/article>\n\t\t\t\t<article class=\"elementor-post elementor-grid-item post-1895 post type-post status-publish format-standard has-post-thumbnail hentry category-sin-categorizar\" role=\"listitem\">\n\t\t\t<div class=\"elementor-post__card\">\n\t\t\t\t<a class=\"elementor-post__thumbnail__link\" href=\"https:\/\/campingsantaeulalia.com\/fr\/fiestas-tematicas\/\" tabindex=\"-1\" ><div class=\"elementor-post__thumbnail\"><img decoding=\"async\" width=\"300\" height=\"225\" data-src=\"https:\/\/campingsantaeulalia.com\/wp-content\/uploads\/2020\/10\/1-y-principal-1-300x225.jpg\" class=\"attachment-medium size-medium wp-image-1903 lazyload\" alt=\"\" data-srcset=\"https:\/\/campingsantaeulalia.com\/wp-content\/uploads\/2020\/10\/1-y-principal-1-300x225.jpg 300w, https:\/\/campingsantaeulalia.com\/wp-content\/uploads\/2020\/10\/1-y-principal-1-1024x768.jpg 1024w, https:\/\/campingsantaeulalia.com\/wp-content\/uploads\/2020\/10\/1-y-principal-1-768x576.jpg 768w, https:\/\/campingsantaeulalia.com\/wp-content\/uploads\/2020\/10\/1-y-principal-1-1536x1152.jpg 1536w, https:\/\/campingsantaeulalia.com\/wp-content\/uploads\/2020\/10\/1-y-principal-1-16x12.jpg 16w, https:\/\/campingsantaeulalia.com\/wp-content\/uploads\/2020\/10\/1-y-principal-1.jpg 1600w\" data-sizes=\"(max-width: 300px) 100vw, 300px\" title=\"\" src=\"data:image\/svg+xml;base64,PHN2ZyB3aWR0aD0iMSIgaGVpZ2h0PSIxIiB4bWxucz0iaHR0cDovL3d3dy53My5vcmcvMjAwMC9zdmciPjwvc3ZnPg==\" style=\"--smush-placeholder-width: 300px; --smush-placeholder-aspect-ratio: 300\/225;\"><\/div><\/a>\n\t\t\t\t<div class=\"elementor-post__text\">\n\t\t\t\t<h3 class=\"elementor-post__title\">\n\t\t\t<a href=\"https:\/\/campingsantaeulalia.com\/fr\/fiestas-tematicas\/\" >\n\t\t\t\tSoir\u00e9es \u00e0 th\u00e8me\t\t\t<\/a>\n\t\t<\/h3>\n\t\t\t\t<div class=\"elementor-post__excerpt\">\n\t\t\t\t\t<\/div>\n\t\t\n\t\t<a class=\"elementor-post__read-more\" href=\"https:\/\/campingsantaeulalia.com\/fr\/fiestas-tematicas\/\" aria-label=\"En savoir plus sur Soir\u00e9es \u00e0 th\u00e8me\" tabindex=\"-1\" >\n\t\t\tLire plus &quot;\t\t<\/a>\n\n\t\t\t\t<\/div>\n\t\t\t\t<div class=\"elementor-post__meta-data\">\n\t\t\t\t\t<span class=\"elementor-post-date\">\n\t\t\t19\/10\/2020\t\t<\/span>\n\t\t\t\t<\/div>\n\t\t\t\t\t<\/div>\n\t\t<\/article>\n\t\t\t\t<article class=\"elementor-post elementor-grid-item post-1877 post type-post status-publish format-standard has-post-thumbnail hentry category-sin-categorizar\" role=\"listitem\">\n\t\t\t<div class=\"elementor-post__card\">\n\t\t\t\t<a class=\"elementor-post__thumbnail__link\" href=\"https:\/\/campingsantaeulalia.com\/fr\/ahorro-energetico\/\" tabindex=\"-1\" ><div class=\"elementor-post__thumbnail\"><img decoding=\"async\" width=\"300\" height=\"225\" data-src=\"https:\/\/campingsantaeulalia.com\/wp-content\/uploads\/2020\/06\/img-20190320-133300-1024x768-1-300x225.jpg\" class=\"attachment-medium size-medium wp-image-1878 lazyload\" alt=\"\" data-srcset=\"https:\/\/campingsantaeulalia.com\/wp-content\/uploads\/2020\/06\/img-20190320-133300-1024x768-1-300x225.jpg 300w, https:\/\/campingsantaeulalia.com\/wp-content\/uploads\/2020\/06\/img-20190320-133300-1024x768-1-768x576.jpg 768w, https:\/\/campingsantaeulalia.com\/wp-content\/uploads\/2020\/06\/img-20190320-133300-1024x768-1-16x12.jpg 16w, https:\/\/campingsantaeulalia.com\/wp-content\/uploads\/2020\/06\/img-20190320-133300-1024x768-1.jpg 1024w\" data-sizes=\"(max-width: 300px) 100vw, 300px\" title=\"\" src=\"data:image\/svg+xml;base64,PHN2ZyB3aWR0aD0iMSIgaGVpZ2h0PSIxIiB4bWxucz0iaHR0cDovL3d3dy53My5vcmcvMjAwMC9zdmciPjwvc3ZnPg==\" style=\"--smush-placeholder-width: 300px; --smush-placeholder-aspect-ratio: 300\/225;\"><\/div><\/a>\n\t\t\t\t<div class=\"elementor-post__text\">\n\t\t\t\t<h3 class=\"elementor-post__title\">\n\t\t\t<a href=\"https:\/\/campingsantaeulalia.com\/fr\/ahorro-energetico\/\" >\n\t\t\t\t\u00c9conomies d&#039;\u00e9nergie\t\t\t<\/a>\n\t\t<\/h3>\n\t\t\t\t<div class=\"elementor-post__excerpt\">\n\t\t\t<p>Afin de r\u00e9aliser ces \u00e9conomies, le Camping a remplac\u00e9 l&#039;ensemble de son \u00e9clairage routier par des \u00e9crans syst\u00e8me LED.<\/p>\n\t\t<\/div>\n\t\t\n\t\t<a class=\"elementor-post__read-more\" href=\"https:\/\/campingsantaeulalia.com\/fr\/ahorro-energetico\/\" aria-label=\"En savoir plus sur les \u00e9conomies d&#039;\u00e9nergie\" tabindex=\"-1\" >\n\t\t\tLire plus &quot;\t\t<\/a>\n\n\t\t\t\t<\/div>\n\t\t\t\t<div class=\"elementor-post__meta-data\">\n\t\t\t\t\t<span class=\"elementor-post-date\">\n\t\t\t20\/05\/2019\t\t<\/span>\n\t\t\t\t<\/div>\n\t\t\t\t\t<\/div>\n\t\t<\/article>\n\t\t\t\t<\/div>\n\t\t\n\t\t\t\t<div class=\"e-load-more-anchor\" data-page=\"1\" data-max-page=\"5\" data-next-page=\"https:\/\/campingsantaeulalia.com\/fr\/wp-json\/wp\/v2\/pages\/1613\/page\/2\/\"><\/div>\n\t\t\t\t<nav class=\"elementor-pagination\" aria-label=\"Pagination\">\n\t\t\t<span class=\"page-numbers prev\">&quot; Ancien<\/span>\n<span aria-current=\"page\" class=\"page-numbers current\"><span class=\"elementor-screen-only\">Page<\/span>1<\/span>\n<a class=\"page-numbers\" href=\"https:\/\/campingsantaeulalia.com\/fr\/wp-json\/wp\/v2\/pages\/1613\/page\/2\/\"><span class=\"elementor-screen-only\">Page<\/span>2<\/a>\n<a class=\"page-numbers\" href=\"https:\/\/campingsantaeulalia.com\/fr\/wp-json\/wp\/v2\/pages\/1613\/page\/3\/\"><span class=\"elementor-screen-only\">Page<\/span>3<\/a>\n<a class=\"page-numbers\" href=\"https:\/\/campingsantaeulalia.com\/fr\/wp-json\/wp\/v2\/pages\/1613\/page\/4\/\"><span class=\"elementor-screen-only\">Page<\/span>4<\/a>\n<a class=\"page-numbers\" href=\"https:\/\/campingsantaeulalia.com\/fr\/wp-json\/wp\/v2\/pages\/1613\/page\/5\/\"><span class=\"elementor-screen-only\">Page<\/span>5<\/a>\n<a class=\"page-numbers next\" href=\"https:\/\/campingsantaeulalia.com\/fr\/wp-json\/wp\/v2\/pages\/1613\/page\/2\/\">Suivant &quot;<\/a>\t\t<\/nav>\n\t\t\t\t\t\t<\/div>\n\t\t\t\t<\/div>\n\t\t\t\t\t<\/div>\n\t\t\t\t<\/div>\n\t\t\t\t<\/div>","protected":false},"excerpt":{"rendered":"<p>informations<\/p>","protected":false},"author":1,"featured_media":0,"parent":0,"menu_order":0,"comment_status":"closed","ping_status":"closed","template":"","meta":{"site-sidebar-layout":"no-sidebar","site-content-layout":"page-builder","ast-site-content-layout":"full-width-container","site-content-style":"default","site-sidebar-style":"default","ast-global-header-display":"","ast-banner-title-visibility":"","ast-main-header-display":"","ast-hfb-above-header-display":"","ast-hfb-below-header-display":"","ast-hfb-mobile-header-display":"","site-post-title":"disabled","ast-breadcrumbs-content":"","ast-featured-img":"disabled","footer-sml-layout":"","ast-disable-related-posts":"","theme-transparent-header-meta":"","adv-header-id-meta":"","stick-header-meta":"","header-above-stick-meta":"","header-main-stick-meta":"","header-below-stick-meta":"","astra-migrate-meta-layouts":"set","ast-page-background-enabled":"default","ast-page-background-meta":{"desktop":{"background-color":"","background-image":"","background-repeat":"repeat","background-position":"center center","background-size":"auto","background-attachment":"scroll","background-type":"","background-media":"","overlay-type":"","overlay-color":"","overlay-opacity":"","overlay-gradient":""},"tablet":{"background-color":"","background-image":"","background-repeat":"repeat","background-position":"center center","background-size":"auto","background-attachment":"scroll","background-type":"","background-media":"","overlay-type":"","overlay-color":"","overlay-opacity":"","overlay-gradient":""},"mobile":{"background-color":"","background-image":"","background-repeat":"repeat","background-position":"center center","background-size":"auto","background-attachment":"scroll","background-type":"","background-media":"","overlay-type":"","overlay-color":"","overlay-opacity":"","overlay-gradient":""}},"ast-content-background-meta":{"desktop":{"background-color":"var(--ast-global-color-5)","background-image":"","background-repeat":"repeat","background-position":"center center","background-size":"auto","background-attachment":"scroll","background-type":"","background-media":"","overlay-type":"","overlay-color":"","overlay-opacity":"","overlay-gradient":""},"tablet":{"background-color":"var(--ast-global-color-5)","background-image":"","background-repeat":"repeat","background-position":"center center","background-size":"auto","background-attachment":"scroll","background-type":"","background-media":"","overlay-type":"","overlay-color":"","overlay-opacity":"","overlay-gradient":""},"mobile":{"background-color":"var(--ast-global-color-5)","background-image":"","background-repeat":"repeat","background-position":"center center","background-size":"auto","background-attachment":"scroll","background-type":"","background-media":"","overlay-type":"","overlay-color":"","overlay-opacity":"","overlay-gradient":""}},"footnotes":""},"class_list":["post-1613","page","type-page","status-publish","hentry"],"_links":{"self":[{"href":"https:\/\/campingsantaeulalia.com\/fr\/wp-json\/wp\/v2\/pages\/1613","targetHints":{"allow":["GET"]}}],"collection":[{"href":"https:\/\/campingsantaeulalia.com\/fr\/wp-json\/wp\/v2\/pages"}],"about":[{"href":"https:\/\/campingsantaeulalia.com\/fr\/wp-json\/wp\/v2\/types\/page"}],"author":[{"embeddable":true,"href":"https:\/\/campingsantaeulalia.com\/fr\/wp-json\/wp\/v2\/users\/1"}],"replies":[{"embeddable":true,"href":"https:\/\/campingsantaeulalia.com\/fr\/wp-json\/wp\/v2\/comments?post=1613"}],"version-history":[{"count":5,"href":"https:\/\/campingsantaeulalia.com\/fr\/wp-json\/wp\/v2\/pages\/1613\/revisions"}],"predecessor-version":[{"id":1952,"href":"https:\/\/campingsantaeulalia.com\/fr\/wp-json\/wp\/v2\/pages\/1613\/revisions\/1952"}],"wp:attachment":[{"href":"https:\/\/campingsantaeulalia.com\/fr\/wp-json\/wp\/v2\/media?parent=1613"}],"curies":[{"name":"wp","href":"https:\/\/api.w.org\/{rel}","templated":true}]}}