{"id":2146,"date":"2024-06-10T16:49:12","date_gmt":"2024-06-10T15:49:12","guid":{"rendered":"https:\/\/campingsantaeulalia.com\/?page_id=2146"},"modified":"2024-06-11T08:09:20","modified_gmt":"2024-06-11T07:09:20","slug":"terms-and-conditions","status":"publish","type":"page","link":"https:\/\/campingsantaeulalia.com\/en\/terminos-y-condiciones\/","title":{"rendered":"terms and Conditions"},"content":{"rendered":"<h1 class=\"wp-block-heading\">terms and Conditions<\/h1>\n\n\n\n<p><strong>1. General Information<\/strong><\/p>\n\n\n\n<p>In compliance with Law 34\/2002, of July 11, on information society services and electronic commerce, users of the Camping Santa Eulalia website are informed of the following information:<\/p>\n\n\n\n<p>a) Name or company name: Center de Negocis TGN SL<\/p>\n\n\n\n<p>b) Registered office: Address: Ctra. De la platja, sn 43893 Altafulla (Tarragona)<\/p>\n\n\n\n<p>c) Email address: info@campingsantaeulalia.com<\/p>\n\n\n\n<p>d) Telephone: (+34) 977 65 02 13<\/p>\n\n\n\n<p>e) Tax identification number (NIF): B43674431<\/p>\n\n\n\n<p><strong>2. Order Cancellation Policy<\/strong><\/p>\n\n\n\n<p>The cancellation conditions are as follows:<\/p>\n\n\n\n<ul class=\"wp-block-list\">\n<li>Cancellations more than 30 days in advance: Refund of the 90% of the payment and deposit.<\/li>\n\n\n\n<li>Cancellations less than 30 days and more than 14 days in advance: Refund of the 50% of the deposit.<\/li>\n\n\n\n<li>Cancellations with less than 14 days notice: No refunds will be made.<\/li>\n<\/ul>\n\n\n\n<p><strong>3. Return and Refund Policy<\/strong><\/p>\n\n\n\n<p>In the event of cancellation in accordance with the above terms, the refund will be made using the same payment method used in the initial transaction, unless otherwise expressly agreed. We strive to process returns in the shortest time possible.<\/p>\n\n\n\n<p><strong>4. Security and Protection for Buyers (Cookie Policy)<\/strong><\/p>\n\n\n\n<p>Our website uses cookies to guarantee the best user experience. Cookies are text files that are stored on your device when you visit our website. For more information on the use of cookies, see our <a href=\"https:\/\/campingsantaeulalia.com\/en\/privacy-policy\/\" data-type=\"page\" data-id=\"1681\">Cookies policy<\/a>.<\/p>\n\n\n\n<p><strong>5. Shipping, Privacy and Data Protection<\/strong><\/p>\n\n\n\n<p>Camping Santa Eulalia is committed to protecting the privacy of its users and the confidentiality of their personal data, in accordance with the provisions of the General Data Protection Regulation (RGPD) and Organic Law 3\/2018 on Personal Data Protection and guarantee of digital rights.<\/p>\n\n\n\n<p><strong>Collection of Personal Data:<\/strong><\/p>\n\n\n\n<p>The personal data collected through our website will be incorporated into a personal data file for which Center de Negocis TGN SL is responsible, with the purpose of managing the relationship with users, responding to their requests and improving our services.<\/p>\n\n\n\n<p><strong>User Rights:<\/strong><\/p>\n\n\n\n<p>Users can exercise their rights of access, rectification, cancellation and opposition by written communication to our postal address or by email, attaching a copy of their identity document.<\/p>\n\n\n\n<p><strong>Confidentiality and Security:<\/strong><\/p>\n\n\n\n<p>Camping Santa Eulalia adopts the necessary technical and organizational measures to guarantee the security and integrity of personal data and prevent its alteration, loss, processing or unauthorized access, in accordance with the state of technology.<\/p>\n\n\n\n<p>For any questions or queries about these terms and conditions, please contact us through our email info@campingsantaeulalia.com.<\/p>\n\n\n\n<p><strong>6. Modifications<\/strong><\/p>\n\n\n\n<p>Center de Negocis TGN SL reserves the right to modify these conditions without prior notice. The modifications will be published on this same page and will take effect from the moment of publication.<\/p>","protected":false},"excerpt":{"rendered":"<p>Terminos y condiciones 1. Informaci\u00f3n General En cumplimiento de la Ley 34\/2002, de 11 de julio, de servicios de la sociedad de la informaci\u00f3n y de comercio electr\u00f3nico, se informa a los usuarios de la p\u00e1gina web de Camping Santa Eulalia de los siguientes datos: a) Nombre o denominaci\u00f3n social: Centre de Negocis TGN S.L. [&hellip;]<\/p>\n","protected":false},"author":1,"featured_media":0,"parent":0,"menu_order":0,"comment_status":"closed","ping_status":"closed","template":"","meta":{"site-sidebar-layout":"default","site-content-layout":"","ast-site-content-layout":"default","site-content-style":"default","site-sidebar-style":"default","ast-global-header-display":"","ast-banner-title-visibility":"","ast-main-header-display":"","ast-hfb-above-header-display":"","ast-hfb-below-header-display":"","ast-hfb-mobile-header-display":"","site-post-title":"","ast-breadcrumbs-content":"","ast-featured-img":"","footer-sml-layout":"","ast-disable-related-posts":"","theme-transparent-header-meta":"","adv-header-id-meta":"","stick-header-meta":"","header-above-stick-meta":"","header-main-stick-meta":"","header-below-stick-meta":"","astra-migrate-meta-layouts":"set","ast-page-background-enabled":"default","ast-page-background-meta":{"desktop":{"background-color":"","background-image":"","background-repeat":"repeat","background-position":"center center","background-size":"auto","background-attachment":"scroll","background-type":"","background-media":"","overlay-type":"","overlay-color":"","overlay-opacity":"","overlay-gradient":""},"tablet":{"background-color":"","background-image":"","background-repeat":"repeat","background-position":"center center","background-size":"auto","background-attachment":"scroll","background-type":"","background-media":"","overlay-type":"","overlay-color":"","overlay-opacity":"","overlay-gradient":""},"mobile":{"background-color":"","background-image":"","background-repeat":"repeat","background-position":"center center","background-size":"auto","background-attachment":"scroll","background-type":"","background-media":"","overlay-type":"","overlay-color":"","overlay-opacity":"","overlay-gradient":""}},"ast-content-background-meta":{"desktop":{"background-color":"var(--ast-global-color-5)","background-image":"","background-repeat":"repeat","background-position":"center center","background-size":"auto","background-attachment":"scroll","background-type":"","background-media":"","overlay-type":"","overlay-color":"","overlay-opacity":"","overlay-gradient":""},"tablet":{"background-color":"var(--ast-global-color-5)","background-image":"","background-repeat":"repeat","background-position":"center center","background-size":"auto","background-attachment":"scroll","background-type":"","background-media":"","overlay-type":"","overlay-color":"","overlay-opacity":"","overlay-gradient":""},"mobile":{"background-color":"var(--ast-global-color-5)","background-image":"","background-repeat":"repeat","background-position":"center center","background-size":"auto","background-attachment":"scroll","background-type":"","background-media":"","overlay-type":"","overlay-color":"","overlay-opacity":"","overlay-gradient":""}},"footnotes":""},"class_list":["post-2146","page","type-page","status-publish","hentry"],"_links":{"self":[{"href":"https:\/\/campingsantaeulalia.com\/en\/wp-json\/wp\/v2\/pages\/2146","targetHints":{"allow":["GET"]}}],"collection":[{"href":"https:\/\/campingsantaeulalia.com\/en\/wp-json\/wp\/v2\/pages"}],"about":[{"href":"https:\/\/campingsantaeulalia.com\/en\/wp-json\/wp\/v2\/types\/page"}],"author":[{"embeddable":true,"href":"https:\/\/campingsantaeulalia.com\/en\/wp-json\/wp\/v2\/users\/1"}],"replies":[{"embeddable":true,"href":"https:\/\/campingsantaeulalia.com\/en\/wp-json\/wp\/v2\/comments?post=2146"}],"version-history":[{"count":3,"href":"https:\/\/campingsantaeulalia.com\/en\/wp-json\/wp\/v2\/pages\/2146\/revisions"}],"predecessor-version":[{"id":2152,"href":"https:\/\/campingsantaeulalia.com\/en\/wp-json\/wp\/v2\/pages\/2146\/revisions\/2152"}],"wp:attachment":[{"href":"https:\/\/campingsantaeulalia.com\/en\/wp-json\/wp\/v2\/media?parent=2146"}],"curies":[{"name":"wp","href":"https:\/\/api.w.org\/{rel}","templated":true}]}}