{"id":2146,"date":"2024-06-10T16:49:12","date_gmt":"2024-06-10T15:49:12","guid":{"rendered":"https:\/\/campingsantaeulalia.com\/?page_id=2146"},"modified":"2024-06-11T08:09:20","modified_gmt":"2024-06-11T07:09:20","slug":"geschaftsbedingungen","status":"publish","type":"page","link":"https:\/\/campingsantaeulalia.com\/de\/terminos-y-condiciones\/","title":{"rendered":"Gesch\u00e4ftsbedingungen"},"content":{"rendered":"<h1 class=\"wp-block-heading\">Gesch\u00e4ftsbedingungen<\/h1>\n\n\n\n<p><strong>1. Allgemeine Information<\/strong><\/p>\n\n\n\n<p>In \u00dcbereinstimmung mit dem Gesetz 34\/2002 vom 11. Juli \u00fcber Dienste der Informationsgesellschaft und elektronischen Handel werden die Benutzer der Website von Camping Santa Eulalia \u00fcber die folgenden Informationen informiert:<\/p>\n\n\n\n<p>a) Name oder Firmenname: Centre de Negocis TGN SL<\/p>\n\n\n\n<p>b) Sitz: Adresse: Ctra. De la Platja, sn 43893 Altafulla (Tarragona)<\/p>\n\n\n\n<p>c) E-Mail-Adresse: info@campingsantaeulalia.com<\/p>\n\n\n\n<p>d) Telefon: (+34) 977 65 02 13<\/p>\n\n\n\n<p>e) Steueridentifikationsnummer (NIF): B43674431<\/p>\n\n\n\n<p><strong>2. Stornierungsbedingungen f\u00fcr Bestellungen<\/strong><\/p>\n\n\n\n<p>Die Stornobedingungen lauten wie folgt:<\/p>\n\n\n\n<ul class=\"wp-block-list\">\n<li>Stornierungen mehr als 30 Tage im Voraus: R\u00fcckerstattung des 90% der Zahlung und der Anzahlung.<\/li>\n\n\n\n<li>Stornierungen weniger als 30 Tage und mehr als 14 Tage im Voraus: R\u00fcckerstattung der 50% der Anzahlung.<\/li>\n\n\n\n<li>Stornierungen mit einer Frist von weniger als 14 Tagen: Es erfolgt keine R\u00fcckerstattung.<\/li>\n<\/ul>\n\n\n\n<p><strong>3. R\u00fcckgabe- und R\u00fcckerstattungsrichtlinien<\/strong><\/p>\n\n\n\n<p>Im Falle einer Stornierung gem\u00e4\u00df den oben genannten Bedingungen erfolgt die R\u00fcckerstattung mit derselben Zahlungsmethode, die bei der urspr\u00fcnglichen Transaktion verwendet wurde, sofern nicht ausdr\u00fccklich etwas anderes vereinbart wurde. Wir sind bestrebt, Retouren so schnell wie m\u00f6glich zu bearbeiten.<\/p>\n\n\n\n<p><strong>4. Sicherheit und Schutz f\u00fcr K\u00e4ufer (Cookie-Richtlinie)<\/strong><\/p>\n\n\n\n<p>Unsere Website verwendet Cookies, um die beste Benutzererfahrung zu gew\u00e4hrleisten. Cookies sind Textdateien, die auf Ihrem Ger\u00e4t gespeichert werden, wenn Sie unsere Website besuchen. Weitere Informationen zur Verwendung von Cookies finden Sie in unserer <a href=\"https:\/\/campingsantaeulalia.com\/de\/datenschutzrichtlinie\/\" data-type=\"page\" data-id=\"1681\">Cookie-Richtlinie<\/a>.<\/p>\n\n\n\n<p><strong>5. Versand, Privatsph\u00e4re und Datenschutz<\/strong><\/p>\n\n\n\n<p>Camping Santa Eulalia verpflichtet sich, die Privatsph\u00e4re seiner Nutzer und die Vertraulichkeit ihrer pers\u00f6nlichen Daten gem\u00e4\u00df den Bestimmungen der Allgemeinen Datenschutzverordnung (RGPD) und dem Organgesetz 3\/2018 zum Schutz personenbezogener Daten und zur Gew\u00e4hrleistung digitaler Rechte zu sch\u00fctzen.<\/p>\n\n\n\n<p><strong>Erhebung personenbezogener Daten:<\/strong><\/p>\n\n\n\n<p>Die \u00fcber unsere Website erfassten personenbezogenen Daten werden in eine personenbezogene Datendatei aufgenommen, f\u00fcr die Centre de Negocis TGN SL verantwortlich ist, mit dem Zweck, die Beziehung zu den Benutzern zu verwalten, auf ihre Anfragen zu reagieren und unsere Dienste zu verbessern.<\/p>\n\n\n\n<p><strong>Nutzerrechte:<\/strong><\/p>\n\n\n\n<p>Der Nutzer kann sein Recht auf Zugang, Berichtigung, L\u00f6schung und Widerspruch durch schriftliche Mitteilung an unsere Postanschrift oder per E-Mail unter Beif\u00fcgung einer Kopie seines Personalausweises aus\u00fcben.<\/p>\n\n\n\n<p><strong>Vertraulichkeit und Sicherheit:<\/strong><\/p>\n\n\n\n<p>Camping Santa Eulalia ergreift die erforderlichen technischen und organisatorischen Ma\u00dfnahmen, um die Sicherheit und Integrit\u00e4t personenbezogener Daten zu gew\u00e4hrleisten und deren \u00c4nderung, Verlust, Verarbeitung oder unbefugten Zugriff gem\u00e4\u00df dem Stand der Technik zu verhindern.<\/p>\n\n\n\n<p>Bei Fragen zu diesen Allgemeinen Gesch\u00e4ftsbedingungen kontaktieren Sie uns bitte \u00fcber unsere E-Mail-Adresse info@campingsantaeulalia.com.<\/p>\n\n\n\n<p><strong>6. \u00c4nderungen<\/strong><\/p>\n\n\n\n<p>Centre de Negocis TGN SL beh\u00e4lt sich das Recht vor, diese Bedingungen ohne vorherige Ank\u00fcndigung zu \u00e4ndern. Die \u00c4nderungen werden auf derselben Seite ver\u00f6ffentlicht und treten ab dem Zeitpunkt der Ver\u00f6ffentlichung in Kraft.<\/p>","protected":false},"excerpt":{"rendered":"<p>Terminos y condiciones 1. Informaci\u00f3n General En cumplimiento de la Ley 34\/2002, de 11 de julio, de servicios de la sociedad de la informaci\u00f3n y de comercio electr\u00f3nico, se informa a los usuarios de la p\u00e1gina web de Camping Santa Eulalia de los siguientes datos: a) Nombre o denominaci\u00f3n social: Centre de Negocis TGN S.L. [&hellip;]<\/p>\n","protected":false},"author":1,"featured_media":0,"parent":0,"menu_order":0,"comment_status":"closed","ping_status":"closed","template":"","meta":{"site-sidebar-layout":"default","site-content-layout":"","ast-site-content-layout":"default","site-content-style":"default","site-sidebar-style":"default","ast-global-header-display":"","ast-banner-title-visibility":"","ast-main-header-display":"","ast-hfb-above-header-display":"","ast-hfb-below-header-display":"","ast-hfb-mobile-header-display":"","site-post-title":"","ast-breadcrumbs-content":"","ast-featured-img":"","footer-sml-layout":"","ast-disable-related-posts":"","theme-transparent-header-meta":"","adv-header-id-meta":"","stick-header-meta":"","header-above-stick-meta":"","header-main-stick-meta":"","header-below-stick-meta":"","astra-migrate-meta-layouts":"set","ast-page-background-enabled":"default","ast-page-background-meta":{"desktop":{"background-color":"","background-image":"","background-repeat":"repeat","background-position":"center center","background-size":"auto","background-attachment":"scroll","background-type":"","background-media":"","overlay-type":"","overlay-color":"","overlay-opacity":"","overlay-gradient":""},"tablet":{"background-color":"","background-image":"","background-repeat":"repeat","background-position":"center center","background-size":"auto","background-attachment":"scroll","background-type":"","background-media":"","overlay-type":"","overlay-color":"","overlay-opacity":"","overlay-gradient":""},"mobile":{"background-color":"","background-image":"","background-repeat":"repeat","background-position":"center center","background-size":"auto","background-attachment":"scroll","background-type":"","background-media":"","overlay-type":"","overlay-color":"","overlay-opacity":"","overlay-gradient":""}},"ast-content-background-meta":{"desktop":{"background-color":"var(--ast-global-color-5)","background-image":"","background-repeat":"repeat","background-position":"center center","background-size":"auto","background-attachment":"scroll","background-type":"","background-media":"","overlay-type":"","overlay-color":"","overlay-opacity":"","overlay-gradient":""},"tablet":{"background-color":"var(--ast-global-color-5)","background-image":"","background-repeat":"repeat","background-position":"center center","background-size":"auto","background-attachment":"scroll","background-type":"","background-media":"","overlay-type":"","overlay-color":"","overlay-opacity":"","overlay-gradient":""},"mobile":{"background-color":"var(--ast-global-color-5)","background-image":"","background-repeat":"repeat","background-position":"center center","background-size":"auto","background-attachment":"scroll","background-type":"","background-media":"","overlay-type":"","overlay-color":"","overlay-opacity":"","overlay-gradient":""}},"footnotes":""},"class_list":["post-2146","page","type-page","status-publish","hentry"],"_links":{"self":[{"href":"https:\/\/campingsantaeulalia.com\/de\/wp-json\/wp\/v2\/pages\/2146","targetHints":{"allow":["GET"]}}],"collection":[{"href":"https:\/\/campingsantaeulalia.com\/de\/wp-json\/wp\/v2\/pages"}],"about":[{"href":"https:\/\/campingsantaeulalia.com\/de\/wp-json\/wp\/v2\/types\/page"}],"author":[{"embeddable":true,"href":"https:\/\/campingsantaeulalia.com\/de\/wp-json\/wp\/v2\/users\/1"}],"replies":[{"embeddable":true,"href":"https:\/\/campingsantaeulalia.com\/de\/wp-json\/wp\/v2\/comments?post=2146"}],"version-history":[{"count":3,"href":"https:\/\/campingsantaeulalia.com\/de\/wp-json\/wp\/v2\/pages\/2146\/revisions"}],"predecessor-version":[{"id":2152,"href":"https:\/\/campingsantaeulalia.com\/de\/wp-json\/wp\/v2\/pages\/2146\/revisions\/2152"}],"wp:attachment":[{"href":"https:\/\/campingsantaeulalia.com\/de\/wp-json\/wp\/v2\/media?parent=2146"}],"curies":[{"name":"wp","href":"https:\/\/api.w.org\/{rel}","templated":true}]}}