{"id":1704,"date":"2024-01-29T12:30:00","date_gmt":"2024-01-29T11:30:00","guid":{"rendered":"http:\/\/campingsantaeulalia.com\/?page_id=1704"},"modified":"2024-01-29T12:30:25","modified_gmt":"2024-01-29T11:30:25","slug":"covid-19","status":"publish","type":"page","link":"https:\/\/campingsantaeulalia.com\/de\/covid-19\/","title":{"rendered":"COVID-19"},"content":{"rendered":"<div data-elementor-type=\"wp-page\" data-elementor-id=\"1704\" class=\"elementor elementor-1704\" data-elementor-post-type=\"page\">\n\t\t\t\t<div class=\"elementor-element elementor-element-8f4d0c8 e-flex e-con-boxed e-con e-parent\" data-id=\"8f4d0c8\" data-element_type=\"container\" data-e-type=\"container\">\n\t\t\t\t\t<div class=\"e-con-inner\">\n\t\t\t\t<div class=\"elementor-element elementor-element-c74a9c2 elementor-widget elementor-widget-heading\" data-id=\"c74a9c2\" data-element_type=\"widget\" data-e-type=\"widget\" data-widget_type=\"heading.default\">\n\t\t\t\t<div class=\"elementor-widget-container\">\n\t\t\t\t\t<h2 class=\"elementor-heading-title elementor-size-default\">COVID-19<\/h2>\t\t\t\t<\/div>\n\t\t\t\t<\/div>\n\t\t\t\t<div class=\"elementor-element elementor-element-159beab elementor-widget elementor-widget-text-editor\" data-id=\"159beab\" data-element_type=\"widget\" data-e-type=\"widget\" data-widget_type=\"text-editor.default\">\n\t\t\t\t<div class=\"elementor-widget-container\">\n\t\t\t\t\t\t\t\t\t<h3 class=\"wp-block-heading\">CAMPINGPERSONAL:<\/h3><ul><li>Alle Campingarbeiter sind sich der zu befolgenden Protokolle bewusst. Bei allen wird vor dem Betreten des Arbeitsplatzes die Temperatur gemessen und die erforderliche PSA wird getragen.<\/li><\/ul><h3 class=\"wp-block-heading\">CHECK-IN-REZEPTION:<\/h3><ul><li>Angesichts der Situation bitten wir unsere Kunden um Verst\u00e4ndnis f\u00fcr m\u00f6gliche Wartezeiten, um den Sicherheitsabstand und die Pr\u00e4ventionsma\u00dfnahmen einzuhalten. Pro Familie darf nur 1 Person zur Kasse gehen. Dies ist derjenige, der die gesamte Familieneinheit registriert und alle erforderlichen Unterlagen und\/oder Ausweise vorlegen muss.<\/li><li>Es wird einen Methacrylat-Schirm mit einem schmalen unteren Fenster geben, der die Empfangsdame vom Kunden trennt.<\/li><li>Der Bildschirm muss h\u00e4ufig gereinigt werden, da sich m\u00f6glicherweise Schmutz darauf ablagert.<\/li><li>Der Kunde wird \u00fcber die bestehenden Protokolle in jedem Bereich innerhalb der Einrichtung informiert und erh\u00e4lt einen Leitfaden f\u00fcr bew\u00e4hrte Verfahren.<\/li><li>Das Rezeptions- und Sicherheitspersonal teilt dem Kunden beim Check-in mit, wo er das Fahrzeug abstellen soll.<\/li><\/ul><h3 class=\"wp-block-heading\">BESICHTIGUNGEN:<\/h3><ul><li>F\u00fcr sie gelten die gleichen Check-in-Ma\u00dfnahmen wie f\u00fcr andere Kunden und die Anwendung dieser Vorschriften.<\/li><\/ul><h3 class=\"wp-block-heading\">UNTERK\u00dcNFTE:<\/h3><ul><li>Sie werden zum OASIS-Bungalow\/Haus begleitet und dessen Funktionsweise erkl\u00e4rt, ohne es zu betreten, da die Unterk\u00fcnfte vor der neuen Besetzung desinfiziert wurden und somit ihre Sicherheit gew\u00e4hrleistet ist. Die Schl\u00fcssel zur Unterkunft werden desinfiziert geliefert.<\/li><\/ul><h3 class=\"wp-block-heading\">SCHWIMMBECKEN:<\/h3><ul><li>Unter Beachtung der Kapazit\u00e4tsregeln kontrolliert das Sicherheitspersonal den Zugang. Der Dienst wird zeitweise angeboten, um Desinfektionsma\u00dfnahmen in den \u00f6ffentlichen Bereichen durchf\u00fchren zu k\u00f6nnen. Wir haben die Anzahl der H\u00e4ngematten soweit n\u00f6tig reduziert, um den Sicherheitsabstand einzuhalten. Das Personal wird sie desinfizieren.<\/li><\/ul><h3 class=\"wp-block-heading\">AKTIVIT\u00c4TEN:<\/h3><ul><li>Befolgen Sie das festgelegte Protokoll und halten Sie den Sicherheitsabstand und die entsprechende Hygiene ein. Das Animationsteam teilt Ihnen die maximale Kapazit\u00e4t f\u00fcr jede Art von Aktivit\u00e4t mit. Seien Sie sich der Situation bewusst und ergreifen Sie die richtigen pers\u00f6nlichen Hygienema\u00dfnahmen, um sich gegenseitig zu helfen.<\/li><\/ul><h3 class=\"wp-block-heading\">GEMEINSCHAFTSR\u00c4UME:<\/h3><ul><li>Minderj\u00e4hrige unter 14 Jahren m\u00fcssen immer von einem Erwachsenen begleitet werden, bis die zust\u00e4ndigen Beh\u00f6rden die Alarmstufen herabsetzen. Es liegt in der Verantwortung der Eltern oder Erziehungsberechtigten, das Verhalten ihrer Kinder oder Erziehungsberechtigten in diesen au\u00dfergew\u00f6hnlichen Zeiten zu \u00fcberwachen.<\/li><li>Es wird eine st\u00e4ndige Reinigung durchgef\u00fchrt und festgelegte Sicherheits- und Hygieneabstandsma\u00dfnahmen eingehalten. In den \u00f6ffentlichen Bereichen (Rezeption, Restaurants, Schwimmb\u00e4der, Mehrzweckraum usw.) sind Schilder mit den einzuhaltenden Protokollen angebracht.<\/li><li>An allen Servicestellen stehen den Kunden Desinfektionsgel und eine st\u00e4ndige Reinigung der Theken zur Verf\u00fcgung.<\/li><li>TRINKWASSERQUELLEN: Es ist sehr wichtig, dass Sie den Anweisungen auf den Hinweisschildern folgen. Nur Erwachsene k\u00f6nnen ihre Wasserflaschen nachf\u00fcllen, ohne den Flaschenhals direkt mit den Wasserh\u00e4hnen zu ber\u00fchren.<\/li><li>GRUNDST\u00dcCKE: Es liegt in der Verantwortung der Kunden, die R\u00e4ume der angrenzenden Grundst\u00fccke zu respektieren und deren Belegung so weit wie m\u00f6glich zu vermeiden, immer auf eigene Verantwortung.<\/li><li>SANIT\u00c4RBL\u00d6CKE: Es wird eine st\u00e4ndige Reinigung und Desinfektion stattfinden. Das Reinigungspersonal ist f\u00fcr die ordnungsgem\u00e4\u00dfe Desinfektion geschult und es werden die daf\u00fcr vorgesehenen, vom Gesundheitsministerium zugelassenen Produkte verwendet.<\/li><li>SP\u00dcLMASCHINEN: Sie sind ge\u00f6ffnet und werden wie der Rest der Toiletten st\u00e4ndig gereinigt und desinfiziert. Wir empfehlen jedoch immer, einen Sicherheitsabstand zwischen den Kunden einzuhalten.<\/li><\/ul><h3 class=\"wp-block-heading\">VORF\u00c4LLE UND FRAGEN:<\/h3><ul><li>Wir bitten Sie, alle Fragen und Anfragen zu Dienstleistungen sowohl vor Ihrer Ankunft als auch w\u00e4hrend Ihres Aufenthalts telefonisch zu stellen (+34 977 65 02 13) (+34 650 12 56 81).<\/li><\/ul>\t\t\t\t\t\t\t\t<\/div>\n\t\t\t\t<\/div>\n\t\t\t\t\t<\/div>\n\t\t\t\t<\/div>\n\t\t\t\t<\/div>","protected":false},"excerpt":{"rendered":"<p>Covid-19 PERSONAL DEL CAMPING: Todos los trabajadores del Camping, son conocedores de los protocolos a seguir. A todos ellos se les tomar\u00e1 la temperatura antes de incorporarse a su puesto de trabajo y llevaran todos los EPIS necesarios. CHECK-IN RECEPCI\u00d3N: Dada la situaci\u00f3n, pedimos a nuestros clientes comprensi\u00f3n ante posibles esperas, con el fin de [&hellip;]<\/p>\n","protected":false},"author":1,"featured_media":0,"parent":0,"menu_order":0,"comment_status":"closed","ping_status":"closed","template":"","meta":{"site-sidebar-layout":"no-sidebar","site-content-layout":"page-builder","ast-site-content-layout":"full-width-container","site-content-style":"default","site-sidebar-style":"default","ast-global-header-display":"","ast-banner-title-visibility":"","ast-main-header-display":"","ast-hfb-above-header-display":"","ast-hfb-below-header-display":"","ast-hfb-mobile-header-display":"","site-post-title":"disabled","ast-breadcrumbs-content":"","ast-featured-img":"disabled","footer-sml-layout":"","ast-disable-related-posts":"","theme-transparent-header-meta":"","adv-header-id-meta":"","stick-header-meta":"","header-above-stick-meta":"","header-main-stick-meta":"","header-below-stick-meta":"","astra-migrate-meta-layouts":"set","ast-page-background-enabled":"default","ast-page-background-meta":{"desktop":{"background-color":"","background-image":"","background-repeat":"repeat","background-position":"center center","background-size":"auto","background-attachment":"scroll","background-type":"","background-media":"","overlay-type":"","overlay-color":"","overlay-opacity":"","overlay-gradient":""},"tablet":{"background-color":"","background-image":"","background-repeat":"repeat","background-position":"center center","background-size":"auto","background-attachment":"scroll","background-type":"","background-media":"","overlay-type":"","overlay-color":"","overlay-opacity":"","overlay-gradient":""},"mobile":{"background-color":"","background-image":"","background-repeat":"repeat","background-position":"center center","background-size":"auto","background-attachment":"scroll","background-type":"","background-media":"","overlay-type":"","overlay-color":"","overlay-opacity":"","overlay-gradient":""}},"ast-content-background-meta":{"desktop":{"background-color":"var(--ast-global-color-5)","background-image":"","background-repeat":"repeat","background-position":"center center","background-size":"auto","background-attachment":"scroll","background-type":"","background-media":"","overlay-type":"","overlay-color":"","overlay-opacity":"","overlay-gradient":""},"tablet":{"background-color":"var(--ast-global-color-5)","background-image":"","background-repeat":"repeat","background-position":"center center","background-size":"auto","background-attachment":"scroll","background-type":"","background-media":"","overlay-type":"","overlay-color":"","overlay-opacity":"","overlay-gradient":""},"mobile":{"background-color":"var(--ast-global-color-5)","background-image":"","background-repeat":"repeat","background-position":"center center","background-size":"auto","background-attachment":"scroll","background-type":"","background-media":"","overlay-type":"","overlay-color":"","overlay-opacity":"","overlay-gradient":""}},"footnotes":""},"class_list":["post-1704","page","type-page","status-publish","hentry"],"_links":{"self":[{"href":"https:\/\/campingsantaeulalia.com\/de\/wp-json\/wp\/v2\/pages\/1704","targetHints":{"allow":["GET"]}}],"collection":[{"href":"https:\/\/campingsantaeulalia.com\/de\/wp-json\/wp\/v2\/pages"}],"about":[{"href":"https:\/\/campingsantaeulalia.com\/de\/wp-json\/wp\/v2\/types\/page"}],"author":[{"embeddable":true,"href":"https:\/\/campingsantaeulalia.com\/de\/wp-json\/wp\/v2\/users\/1"}],"replies":[{"embeddable":true,"href":"https:\/\/campingsantaeulalia.com\/de\/wp-json\/wp\/v2\/comments?post=1704"}],"version-history":[{"count":4,"href":"https:\/\/campingsantaeulalia.com\/de\/wp-json\/wp\/v2\/pages\/1704\/revisions"}],"predecessor-version":[{"id":1708,"href":"https:\/\/campingsantaeulalia.com\/de\/wp-json\/wp\/v2\/pages\/1704\/revisions\/1708"}],"wp:attachment":[{"href":"https:\/\/campingsantaeulalia.com\/de\/wp-json\/wp\/v2\/media?parent=1704"}],"curies":[{"name":"wp","href":"https:\/\/api.w.org\/{rel}","templated":true}]}}