{"id":1694,"date":"2024-01-29T12:27:00","date_gmt":"2024-01-29T11:27:00","guid":{"rendered":"http:\/\/campingsantaeulalia.com\/?page_id=1694"},"modified":"2024-01-29T12:27:52","modified_gmt":"2024-01-29T11:27:52","slug":"erklarung-zur-barrierefreiheit","status":"publish","type":"page","link":"https:\/\/campingsantaeulalia.com\/de\/declaracion-de-accesibilidad\/","title":{"rendered":"Erkl\u00e4rung zur Barrierefreiheit"},"content":{"rendered":"<div data-elementor-type=\"wp-page\" data-elementor-id=\"1694\" class=\"elementor elementor-1694\" data-elementor-post-type=\"page\">\n\t\t\t\t<div class=\"elementor-element elementor-element-776c9f7 e-flex e-con-boxed e-con e-parent\" data-id=\"776c9f7\" data-element_type=\"container\" data-e-type=\"container\">\n\t\t\t\t\t<div class=\"e-con-inner\">\n\t\t\t\t<div class=\"elementor-element elementor-element-05777fe elementor-widget elementor-widget-heading\" data-id=\"05777fe\" data-element_type=\"widget\" data-e-type=\"widget\" data-widget_type=\"heading.default\">\n\t\t\t\t<div class=\"elementor-widget-container\">\n\t\t\t\t\t<h2 class=\"elementor-heading-title elementor-size-default\">Erkl\u00e4rung zur Barrierefreiheit<\/h2>\t\t\t\t<\/div>\n\t\t\t\t<\/div>\n\t\t\t\t<div class=\"elementor-element elementor-element-5525a04 elementor-widget elementor-widget-text-editor\" data-id=\"5525a04\" data-element_type=\"widget\" data-e-type=\"widget\" data-widget_type=\"text-editor.default\">\n\t\t\t\t<div class=\"elementor-widget-container\">\n\t\t\t\t\t\t\t\t\t<p data-pm-slice=\"1 3 []\">Wir verpflichten uns, unsere Website im Einklang mit den Datenschutzbestimmungen zug\u00e4nglich zu machen\u00a0<a href=\"https:\/\/www.boe.es\/buscar\/act.php?id=BOE-A-2018-12699\" target=\"_blank\" rel=\"noopener noreferrer nofollow\">K\u00f6niglicher Erlass 1112\/2018 vom 7. September<\/a>, \u00fcber die Zug\u00e4nglichkeit von Websites und Anwendungen f\u00fcr mobile Ger\u00e4te im \u00f6ffentlichen Sektor (im Folgenden K\u00f6niglicher Erlass 1112\/2018 vom 7. September).<\/p><p>\u00a0<\/p><p><strong>Compliance-Status<\/strong><\/p><p>Diese Website ist\u00a0<strong>teilweise konform<\/strong>\u00a0mit dem K\u00f6niglichen Erlass 1112\/2018 vom 7. September, aufgrund der mangelnden \u00dcbereinstimmung der unten aufgef\u00fchrten Aspekte.<\/p><p>\u00a0<\/p><p><strong>Inhalt nicht zug\u00e4nglich<\/strong><\/p><p>Der unten gesammelte Inhalt ist aus folgenden Gr\u00fcnden nicht zug\u00e4nglich:<\/p><ol><li><p><strong>Unverh\u00e4ltnism\u00e4\u00dfige Belastung<\/strong>: gilt nicht.<\/p><\/li><\/ol><p>\u00a0<\/p><p><strong>Erstellung dieser Erkl\u00e4rung zur Barrierefreiheit<\/strong><\/p><p>Diese Erkl\u00e4rung wurde erstellt <mark data-color=\"#F5EAC0\">14. September 2023<\/mark>.<\/p><p>Als Methode zur Erstellung der Erkl\u00e4rung diente eine von der Organisation selbst durchgef\u00fchrte Selbstbewertung.<\/p><p>\u00a0<\/p><p><strong>Beobachtungen und Kontaktinformationen<\/strong><\/p><p>Sie k\u00f6nnen Mitteilungen \u00fcber Barrierefreiheitsanforderungen (Artikel 10.2.a des K\u00f6niglichen Erlasses 1112\/2018 vom 7. September) machen, wie zum Beispiel:<\/p><ul><li><p>Melden Sie jeden m\u00f6glichen Versto\u00df auf dieser Website.<\/p><\/li><li><p>Vermitteln Sie andere Schwierigkeiten beim Zugriff auf Inhalte.<\/p><\/li><li><p>Stellen Sie weitere Fragen oder Verbesserungsvorschl\u00e4ge zur Barrierefreiheit der Website.<\/p><\/li><\/ul><p>Auf folgende Weise:<\/p><ul><li><p><mark data-color=\"#F5EAC0\">Email: <\/mark><span style=\"font-size: 16px;\">info@campingsantaeulalia.com<\/span><\/p><\/li><li><p><mark data-color=\"#F5EAC0\">Telefon: <\/mark><span style=\"font-size: 16px;\">(+34) 977 65 02 13<\/span><\/p><\/li><\/ul><p>Die Mitteilungen werden von der Unternehmensleitung entgegengenommen und bearbeitet, die f\u00fcr den Inhalt dieser Website verantwortlich ist.<\/p><p>\u00a0<\/p><p><strong>Optionaler Inhalt<\/strong><\/p><p>Die aktuell sichtbare Version dieser Website <mark data-color=\"#F5EAC0\">Es ist vom August 2023<\/mark> und an diesem Tag wurde der zu diesem Zeitpunkt geltende Grad der Zug\u00e4nglichkeit \u00fcberpr\u00fcft.<\/p><p>Ab diesem Datum werden t\u00e4glich Teil\u00fcberpr\u00fcfungen neuer oder ge\u00e4nderter Webinhalte durchgef\u00fchrt, sowohl der Vorlagen als auch der endg\u00fcltig ver\u00f6ffentlichten Seiten und Dokumente, um die Einhaltung der Barrierefreiheitsanforderungen der Norm UNE-EN 301549 sicherzustellen. :2019, unter Ber\u00fccksichtigung der Ausnahmen des K\u00f6niglichen Dekrets 1112\/2018 vom 7. September.<\/p><p>Zur Erleichterung der Barrierefreiheit werden unter anderem folgende Ma\u00dfnahmen ergriffen:<\/p><ul><li><p>Verwendung von alternativem Text in Bildern<\/p><\/li><li><p>Links liefern Details zur Funktion oder zum Ziel des Hyperlinks<\/p><\/li><li><p>Verwendung von W3C-Standards: XHTML 1.0, CSS 3.0, WAI AA.<\/p><\/li><\/ul>\t\t\t\t\t\t\t\t<\/div>\n\t\t\t\t<\/div>\n\t\t\t\t\t<\/div>\n\t\t\t\t<\/div>\n\t\t\t\t<\/div>","protected":false},"excerpt":{"rendered":"<p>Declaraci\u00f3n de accesibilidad Estamos comprometidos a hacer accesible nuestro sitio web de conformidad con el\u00a0Real Decreto 1112\/2018, de 7 de septiembre, sobre accesibilidad de los sitios web y aplicaciones para dispositivos m\u00f3viles del sector p\u00fablico (en adelante, Real Decreto 1112\/2018, de 7 de septiembre). \u00a0 Situaci\u00f3n de cumplimiento Este sitio web es\u00a0parcialmente conforme\u00a0con el Real [&hellip;]<\/p>\n","protected":false},"author":1,"featured_media":0,"parent":0,"menu_order":0,"comment_status":"closed","ping_status":"closed","template":"","meta":{"site-sidebar-layout":"no-sidebar","site-content-layout":"page-builder","ast-site-content-layout":"full-width-container","site-content-style":"default","site-sidebar-style":"default","ast-global-header-display":"","ast-banner-title-visibility":"","ast-main-header-display":"","ast-hfb-above-header-display":"","ast-hfb-below-header-display":"","ast-hfb-mobile-header-display":"","site-post-title":"disabled","ast-breadcrumbs-content":"","ast-featured-img":"disabled","footer-sml-layout":"","ast-disable-related-posts":"","theme-transparent-header-meta":"","adv-header-id-meta":"","stick-header-meta":"","header-above-stick-meta":"","header-main-stick-meta":"","header-below-stick-meta":"","astra-migrate-meta-layouts":"set","ast-page-background-enabled":"default","ast-page-background-meta":{"desktop":{"background-color":"","background-image":"","background-repeat":"repeat","background-position":"center center","background-size":"auto","background-attachment":"scroll","background-type":"","background-media":"","overlay-type":"","overlay-color":"","overlay-opacity":"","overlay-gradient":""},"tablet":{"background-color":"","background-image":"","background-repeat":"repeat","background-position":"center center","background-size":"auto","background-attachment":"scroll","background-type":"","background-media":"","overlay-type":"","overlay-color":"","overlay-opacity":"","overlay-gradient":""},"mobile":{"background-color":"","background-image":"","background-repeat":"repeat","background-position":"center center","background-size":"auto","background-attachment":"scroll","background-type":"","background-media":"","overlay-type":"","overlay-color":"","overlay-opacity":"","overlay-gradient":""}},"ast-content-background-meta":{"desktop":{"background-color":"var(--ast-global-color-5)","background-image":"","background-repeat":"repeat","background-position":"center center","background-size":"auto","background-attachment":"scroll","background-type":"","background-media":"","overlay-type":"","overlay-color":"","overlay-opacity":"","overlay-gradient":""},"tablet":{"background-color":"var(--ast-global-color-5)","background-image":"","background-repeat":"repeat","background-position":"center center","background-size":"auto","background-attachment":"scroll","background-type":"","background-media":"","overlay-type":"","overlay-color":"","overlay-opacity":"","overlay-gradient":""},"mobile":{"background-color":"var(--ast-global-color-5)","background-image":"","background-repeat":"repeat","background-position":"center center","background-size":"auto","background-attachment":"scroll","background-type":"","background-media":"","overlay-type":"","overlay-color":"","overlay-opacity":"","overlay-gradient":""}},"footnotes":""},"class_list":["post-1694","page","type-page","status-publish","hentry"],"_links":{"self":[{"href":"https:\/\/campingsantaeulalia.com\/de\/wp-json\/wp\/v2\/pages\/1694","targetHints":{"allow":["GET"]}}],"collection":[{"href":"https:\/\/campingsantaeulalia.com\/de\/wp-json\/wp\/v2\/pages"}],"about":[{"href":"https:\/\/campingsantaeulalia.com\/de\/wp-json\/wp\/v2\/types\/page"}],"author":[{"embeddable":true,"href":"https:\/\/campingsantaeulalia.com\/de\/wp-json\/wp\/v2\/users\/1"}],"replies":[{"embeddable":true,"href":"https:\/\/campingsantaeulalia.com\/de\/wp-json\/wp\/v2\/comments?post=1694"}],"version-history":[{"count":4,"href":"https:\/\/campingsantaeulalia.com\/de\/wp-json\/wp\/v2\/pages\/1694\/revisions"}],"predecessor-version":[{"id":1698,"href":"https:\/\/campingsantaeulalia.com\/de\/wp-json\/wp\/v2\/pages\/1694\/revisions\/1698"}],"wp:attachment":[{"href":"https:\/\/campingsantaeulalia.com\/de\/wp-json\/wp\/v2\/media?parent=1694"}],"curies":[{"name":"wp","href":"https:\/\/api.w.org\/{rel}","templated":true}]}}