{"id":1686,"date":"2024-01-29T12:24:53","date_gmt":"2024-01-29T11:24:53","guid":{"rendered":"http:\/\/campingsantaeulalia.com\/?page_id=1686"},"modified":"2024-01-29T12:26:37","modified_gmt":"2024-01-29T11:26:37","slug":"rechtliche-warnung","status":"publish","type":"page","link":"https:\/\/campingsantaeulalia.com\/de\/aviso-legal\/","title":{"rendered":"Rechtliche Warnung"},"content":{"rendered":"<div data-elementor-type=\"wp-page\" data-elementor-id=\"1686\" class=\"elementor elementor-1686\" data-elementor-post-type=\"page\">\n\t\t\t\t<div class=\"elementor-element elementor-element-ce4c5f7 e-flex e-con-boxed e-con e-parent\" data-id=\"ce4c5f7\" data-element_type=\"container\" data-e-type=\"container\">\n\t\t\t\t\t<div class=\"e-con-inner\">\n\t\t\t\t<div class=\"elementor-element elementor-element-574c3b6 elementor-widget elementor-widget-heading\" data-id=\"574c3b6\" data-element_type=\"widget\" data-e-type=\"widget\" data-widget_type=\"heading.default\">\n\t\t\t\t<div class=\"elementor-widget-container\">\n\t\t\t\t\t<h2 class=\"elementor-heading-title elementor-size-default\">Rechtliche Warnung<\/h2>\t\t\t\t<\/div>\n\t\t\t\t<\/div>\n\t\t\t\t<div class=\"elementor-element elementor-element-b1bd9e5 elementor-widget elementor-widget-text-editor\" data-id=\"b1bd9e5\" data-element_type=\"widget\" data-e-type=\"widget\" data-widget_type=\"text-editor.default\">\n\t\t\t\t<div class=\"elementor-widget-container\">\n\t\t\t\t\t\t\t\t\t<h3 data-pm-slice=\"1 1 []\">IDENTIT\u00c4T DES EIGENT\u00dcMERS DER WEBSITE<\/h3><p><strong>Handelsname:<\/strong> TGN BUSINESS CENTER, SL<\/p><p><strong>Soziale Konfession:<\/strong> CENTER DE BEGOCIS TGN, SL (von nun an DER EIGENT\u00dcMER DER WEBSITE)<\/p><p><strong>NIF: <\/strong>B43674431<\/p><p><strong>Adresse: <\/strong>Carretera de la Playa, s\/n Altafulla 43893<\/p><p><strong>Telefon:<\/strong> (+34) 977 65 02 13<\/p><p><strong>Email: <\/strong><span style=\"font-size: 16px;\">info@campingsantaeulalia.com<\/span><\/p><p>\u00a0<\/p><h3>RECHTLICHE GESCH\u00c4FTSBEDINGUNGEN<\/h3><p>Durch die Nutzung dieser Website erh\u00e4lt der Nutzer den Status eines Nutzers der Website, was die Einhaltung dieser Bedingungen in der zum Zeitpunkt der Zugangserlaubnis ver\u00f6ffentlichten Fassung voraussetzt. Daher empfiehlt DER EIGENT\u00dcMER DER WEBSITE dem Benutzer, diese bei jedem Zugriff auf die Website sorgf\u00e4ltig zu lesen. Der Zugriff auf bestimmte \u00fcber diese Website angebotene Inhalte kann bestimmten spezifischen Bedingungen unterliegen, die je nach Fall diese Allgemeinen Gesch\u00e4ftsbedingungen ersetzen, erg\u00e4nzen und\/oder \u00e4ndern. Daher muss der Nutzer vor dem Zugriff und\/oder der Nutzung dieser Inhalte auch die entsprechenden besonderen Bedingungen sorgf\u00e4ltig lesen. DER EIGENT\u00dcMER DER WEBSITE kann jederzeit und ohne vorherige Ank\u00fcndigung das Design, die Pr\u00e4sentation und\/oder die Konfiguration der Website sowie einige oder alle Inhalte \u00e4ndern und die allgemeinen und\/oder besonderen Nutzungsbedingungen \u00e4ndern ihnen. .<\/p><p>\u00a0<\/p><h3>VERANTWORTUNG UND GARANTIE DES WEBSITE-EIGENT\u00dcMERS<\/h3><p><strong>ZUGANG<\/strong><\/p><p>Der Zugang zur Website ist f\u00fcr die Nutzer grunds\u00e4tzlich frei und kostenfrei m\u00f6glich. Der EIGENT\u00dcMER DER WEBSITE beh\u00e4lt sich jedoch das Recht vor, gem\u00e4\u00df der geltenden Gesetzgebung den Zugriff auf bestimmte Bereiche der Website einzuschr\u00e4nken. In diesen F\u00e4llen muss sich der Benutzer als Voraussetzung f\u00fcr den Zugriff auf den Dienst registrieren und alle angeforderten Informationen aktuell und wahrheitsgem\u00e4\u00df angeben (siehe Datenschutzrichtlinie). Die Nutzung des Passwortes ist pers\u00f6nlich und nicht \u00fcbertragbar, eine Weitergabe, auch vor\u00fcbergehend, an Dritte ist nicht gestattet. In diesem Sinne verpflichtet sich der Nutzer, sorgf\u00e4ltig vorzugehen und diese geheim zu halten, wobei er die volle Verantwortung f\u00fcr die Folgen seiner Offenlegung gegen\u00fcber Dritten \u00fcbernimmt.<\/p><p>\u00a0<\/p><p><strong>INHALT<\/strong><\/p><p>DER EIGENT\u00dcMER DER WEBSITE beh\u00e4lt sich das Recht vor, den Zugriff auf seine Website sowie die Bereitstellung einiger oder aller \u00fcber sie bereitgestellten Inhalte jederzeit und ohne vorherige Ank\u00fcndigung zu unterbrechen, sei es aus technischen Gr\u00fcnden, aus Sicherheits-, Kontroll-, Wartungs- oder Stromgr\u00fcnden Ausf\u00e4lle oder andere Ursachen. Diese Unterbrechung kann vor\u00fcbergehend oder dauerhaft sein. In diesem Fall wird dieser Umstand den Benutzern mitgeteilt, die ggf. den Verlust der in den verschiedenen Diensten gespeicherten Informationen erleiden k\u00f6nnen. Folglich garantiert DER EIGENT\u00dcMER DER WEBSITE nicht die Zuverl\u00e4ssigkeit, Verf\u00fcgbarkeit oder Kontinuit\u00e4t seiner Website oder der Inhalte, sowohl seiner eigenen als auch der anderer Websites, auf die \u00fcber Links zugegriffen werden kann, so dass die Nutzung derselben durch den Benutzer zul\u00e4ssig ist erfolgt auf eigene Kosten und Gefahr, ohne dass vom EIGENT\u00dcMER DER WEBSITE diesbez\u00fcglich zu irgendeinem Zeitpunkt Haftungsanspr\u00fcche geltend gemacht werden k\u00f6nnen. Der EIGENT\u00dcMER DER WEBSITE ist nicht verantwortlich f\u00fcr Sch\u00e4den, Verluste, Anspr\u00fcche oder Ausgaben jeglicher Art, f\u00fcr die von oder \u00fcber die Website erfassten oder abgerufenen Informationen, f\u00fcr Computerviren, f\u00fcr Betriebsausf\u00e4lle oder f\u00fcr Unterbrechungen des Dienstes oder \u00dcbertragungs- oder Leitungsausf\u00e4lle. Es ist verboten, \u00fcber die Website illegale oder rechtswidrige Inhalte, Computerviren oder Nachrichten zu \u00fcbertragen oder zu versenden, die im Allgemeinen die Rechte des EIGENT\u00dcMERS DER WEBSITE oder Dritter beeintr\u00e4chtigen oder verletzen.<\/p><p>\u00a0<\/p><p><strong>INDUSTRIELLES UND GEISTIGES EIGENTUM<\/strong><\/p><p>Diese Website ist Eigentum DES EIGENT\u00dcMERS DER WEBSITE. Die geistigen Eigentumsrechte sowie die Verwertungs- und Vervielf\u00e4ltigungsrechte dieser Website, ihrer Seiten, Bildschirme, der darin enthaltenen Informationen, ihres Erscheinungsbilds und Designs sowie der von ihr zu anderen Seiten hergestellten Links sind ausschlie\u00dfliches Eigentum dieser Website. sofern nicht anders angegeben. Alle Namen, Designs und\/oder Logos, aus denen diese Seite besteht, sind ordnungsgem\u00e4\u00df eingetragene Marken. Jede missbr\u00e4uchliche Verwendung derselben durch eine andere Person als ihren rechtm\u00e4\u00dfigen Eigent\u00fcmer kann gem\u00e4\u00df den geltenden Rechtsvorschriften strafrechtlich verfolgt werden. Die geistigen Eigentumsrechte und Marken Dritter werden deutlich hervorgehoben und m\u00fcssen von jedem, der auf die Website zugreift, respektiert werden. Das Herunterladen des Inhalts sowie das Kopieren oder Ausdrucken jeglicher Seiten dieser Website ist nur f\u00fcr den pers\u00f6nlichen und privaten Gebrauch gestattet. Es ist verboten, die Informationen, Inhalte oder Warnungen auf dieser Website ohne vorherige schriftliche Genehmigung des EIGENT\u00dcMERS DER WEBSITE zu reproduzieren, zu \u00fcbertragen, zu \u00e4ndern oder zu l\u00f6schen.<\/p><p>\u00a0<\/p><h3>G\u00dcLTIGE GESETZGEBUNG<\/h3><p>Diese Allgemeinen Gesch\u00e4ftsbedingungen unterliegen der spanischen Gesetzgebung.<\/p><p>\u00a0<\/p><h3>DATENSCHUTZRICHTLINIE<\/h3><p>Im Sinne der Bestimmungen der geltenden Vorschriften zum Schutz personenbezogener Daten teilt DER EIGENT\u00dcMER DER WEBSITE mit, dass die personenbezogenen Daten, die Sie uns beim Surfen auf unserer Website zur Verf\u00fcgung stellen, in die Datenverarbeitung unter der Verantwortung des EIGENT\u00dcMERS DER WEBSITE einbezogen werden , ausschlie\u00dflich zu dem Zweck, Ihre Anfrage bearbeiten zu k\u00f6nnen. Der EIGENT\u00dcMER DER WEBSITE sendet ihm nur mit ausdr\u00fccklicher Einwilligung des Nutzers Informationen zu; technisch, operativ und kommerziell auf jeglichem Wege, einschlie\u00dflich E-Mail und\/oder gleichwertiger Mittel, \u00fcber Produkte, Dienstleistungen, Angebote und Neuigkeiten, die wir f\u00fcr den Benutzer als interessant erachten. Der EIGENT\u00dcMER DER WEBSITE verpflichtet sich, seiner Verpflichtung zur Geheimhaltung personenbezogener Daten und seiner Aufbewahrungspflicht nachzukommen und die erforderlichen Ma\u00dfnahmen zu ergreifen, um deren \u00c4nderung, Verlust, Verarbeitung oder unbefugten Zugriff zu verhindern, wobei er stets den Stand der Technik ber\u00fccksichtigt. Einhaltung technischer und organisatorischer Sicherheitsma\u00dfnahmen. Abschlie\u00dfend informieren wir Sie \u00fcber die M\u00f6glichkeit, Ihre Rechte auf Zugang, Berichtigung, L\u00f6schung und Widerspruch \u00fcber ein an den Systemadministrator gerichtetes Formular auszu\u00fcben.<\/p>\t\t\t\t\t\t\t\t<\/div>\n\t\t\t\t<\/div>\n\t\t\t\t\t<\/div>\n\t\t\t\t<\/div>\n\t\t\t\t<\/div>","protected":false},"excerpt":{"rendered":"<p>Aviso Legal IDENTIDAD DEL TITULAR DEL SITIO WEB Nombre comercial: CENTRE DE NEGOCIS TGN, S.L. Denominaci\u00f3n social: CENTRE DE NEGOCIS TGN, S.L. (desde ahora EL TITULAR DEL WEB) NIF: B43674431 Direcci\u00f3n: Carretera de la Playa, s\/n Altafulla 43893 Tel\u00e9fono: (+34) 977 65 02 13 eMail: info@campingsantaeulalia.com \u00a0 T\u00c9RMINOS LEGALES Y CONDICIONES La utilizaci\u00f3n de este [&hellip;]<\/p>\n","protected":false},"author":1,"featured_media":0,"parent":0,"menu_order":0,"comment_status":"closed","ping_status":"closed","template":"","meta":{"site-sidebar-layout":"no-sidebar","site-content-layout":"page-builder","ast-site-content-layout":"full-width-container","site-content-style":"default","site-sidebar-style":"default","ast-global-header-display":"","ast-banner-title-visibility":"","ast-main-header-display":"","ast-hfb-above-header-display":"","ast-hfb-below-header-display":"","ast-hfb-mobile-header-display":"","site-post-title":"disabled","ast-breadcrumbs-content":"","ast-featured-img":"disabled","footer-sml-layout":"","ast-disable-related-posts":"","theme-transparent-header-meta":"","adv-header-id-meta":"","stick-header-meta":"","header-above-stick-meta":"","header-main-stick-meta":"","header-below-stick-meta":"","astra-migrate-meta-layouts":"set","ast-page-background-enabled":"default","ast-page-background-meta":{"desktop":{"background-color":"","background-image":"","background-repeat":"repeat","background-position":"center center","background-size":"auto","background-attachment":"scroll","background-type":"","background-media":"","overlay-type":"","overlay-color":"","overlay-opacity":"","overlay-gradient":""},"tablet":{"background-color":"","background-image":"","background-repeat":"repeat","background-position":"center center","background-size":"auto","background-attachment":"scroll","background-type":"","background-media":"","overlay-type":"","overlay-color":"","overlay-opacity":"","overlay-gradient":""},"mobile":{"background-color":"","background-image":"","background-repeat":"repeat","background-position":"center center","background-size":"auto","background-attachment":"scroll","background-type":"","background-media":"","overlay-type":"","overlay-color":"","overlay-opacity":"","overlay-gradient":""}},"ast-content-background-meta":{"desktop":{"background-color":"var(--ast-global-color-5)","background-image":"","background-repeat":"repeat","background-position":"center center","background-size":"auto","background-attachment":"scroll","background-type":"","background-media":"","overlay-type":"","overlay-color":"","overlay-opacity":"","overlay-gradient":""},"tablet":{"background-color":"var(--ast-global-color-5)","background-image":"","background-repeat":"repeat","background-position":"center center","background-size":"auto","background-attachment":"scroll","background-type":"","background-media":"","overlay-type":"","overlay-color":"","overlay-opacity":"","overlay-gradient":""},"mobile":{"background-color":"var(--ast-global-color-5)","background-image":"","background-repeat":"repeat","background-position":"center center","background-size":"auto","background-attachment":"scroll","background-type":"","background-media":"","overlay-type":"","overlay-color":"","overlay-opacity":"","overlay-gradient":""}},"footnotes":""},"class_list":["post-1686","page","type-page","status-publish","hentry"],"_links":{"self":[{"href":"https:\/\/campingsantaeulalia.com\/de\/wp-json\/wp\/v2\/pages\/1686","targetHints":{"allow":["GET"]}}],"collection":[{"href":"https:\/\/campingsantaeulalia.com\/de\/wp-json\/wp\/v2\/pages"}],"about":[{"href":"https:\/\/campingsantaeulalia.com\/de\/wp-json\/wp\/v2\/types\/page"}],"author":[{"embeddable":true,"href":"https:\/\/campingsantaeulalia.com\/de\/wp-json\/wp\/v2\/users\/1"}],"replies":[{"embeddable":true,"href":"https:\/\/campingsantaeulalia.com\/de\/wp-json\/wp\/v2\/comments?post=1686"}],"version-history":[{"count":5,"href":"https:\/\/campingsantaeulalia.com\/de\/wp-json\/wp\/v2\/pages\/1686\/revisions"}],"predecessor-version":[{"id":1693,"href":"https:\/\/campingsantaeulalia.com\/de\/wp-json\/wp\/v2\/pages\/1686\/revisions\/1693"}],"wp:attachment":[{"href":"https:\/\/campingsantaeulalia.com\/de\/wp-json\/wp\/v2\/media?parent=1686"}],"curies":[{"name":"wp","href":"https:\/\/api.w.org\/{rel}","templated":true}]}}