{"id":1681,"date":"2024-01-29T12:22:14","date_gmt":"2024-01-29T11:22:14","guid":{"rendered":"http:\/\/campingsantaeulalia.com\/?page_id=1681"},"modified":"2024-01-29T12:24:33","modified_gmt":"2024-01-29T11:24:33","slug":"datenschutzrichtlinie","status":"publish","type":"page","link":"https:\/\/campingsantaeulalia.com\/de\/politica-de-privacidad\/","title":{"rendered":"Datenschutzrichtlinie"},"content":{"rendered":"<div data-elementor-type=\"wp-page\" data-elementor-id=\"1681\" class=\"elementor elementor-1681\" data-elementor-post-type=\"page\">\n\t\t\t\t<div class=\"elementor-element elementor-element-d3d9df3 e-flex e-con-boxed e-con e-parent\" data-id=\"d3d9df3\" data-element_type=\"container\" data-e-type=\"container\">\n\t\t\t\t\t<div class=\"e-con-inner\">\n\t\t\t\t<div class=\"elementor-element elementor-element-9384ce0 elementor-widget elementor-widget-heading\" data-id=\"9384ce0\" data-element_type=\"widget\" data-e-type=\"widget\" data-widget_type=\"heading.default\">\n\t\t\t\t<div class=\"elementor-widget-container\">\n\t\t\t\t\t<h2 class=\"elementor-heading-title elementor-size-default\">Datenschutzrichtlinie<\/h2>\t\t\t\t<\/div>\n\t\t\t\t<\/div>\n\t\t\t\t<div class=\"elementor-element elementor-element-08a8862 elementor-widget elementor-widget-text-editor\" data-id=\"08a8862\" data-element_type=\"widget\" data-e-type=\"widget\" data-widget_type=\"text-editor.default\">\n\t\t\t\t<div class=\"elementor-widget-container\">\n\t\t\t\t\t\t\t\t\t<h3 data-pm-slice=\"1 1 []\">Was sind Cookies?<\/h3><p>Cookies sind kleine Datendateien, die von der besuchten Website auf dem Endger\u00e4t empfangen werden und dazu dienen, bestimmte Browsing-Interaktionen auf einer Website aufzuzeichnen und Daten zu speichern, die aktualisiert und wiederhergestellt werden k\u00f6nnen. Diese Dateien werden auf dem Computer des Benutzers gespeichert und enthalten anonyme Daten, die f\u00fcr seinen Computer nicht sch\u00e4dlich sind. Sie dienen dazu, sich die Pr\u00e4ferenzen des Benutzers zu merken, beispielsweise die ausgew\u00e4hlte Sprache, Zugangsdaten oder die Personalisierung der Seite.<\/p><p>\u00a0<\/p><p>Cookies k\u00f6nnen auch verwendet werden, um anonyme Informationen dar\u00fcber aufzuzeichnen, wie der Besucher die Website nutzt. Beispielsweise, von welcher Webseite aus Sie zugegriffen haben oder ob Sie \u00fcber einen Werbebanner dorthin gelangt sind.<\/p><p>\u00a0<\/p><h3>Warum verwendet diese Website Cookies?<\/h3><p>DIESE WEBSITE verwendet unbedingt notwendige und wesentliche Cookies, damit Sie unsere Websites nutzen und sich frei bewegen, sichere Bereiche nutzen, personalisierte Optionen konfigurieren usw. k\u00f6nnen. Es verwendet auch Cookies, die Daten im Zusammenhang mit der Analyse der Website-Nutzung sammeln. Diese werden verwendet, um den Service f\u00fcr den Benutzer zu verbessern, indem die Nutzung und Leistung der Seite gemessen wird, um sie zu optimieren und zu personalisieren.<\/p><p>\u00a0<\/p><p>Unsere Websites k\u00f6nnen auch Links von sozialen Netzwerken (wie Facebook oder Twitter) enthalten. DIESE WEBSITE kontrolliert nicht die von diesen externen Websites verwendeten Cookies. F\u00fcr weitere Informationen zu Cookies von sozialen Netzwerken oder anderen Websites Dritter empfehlen wir Ihnen, deren eigene Cookie-Richtlinien zu lesen.<\/p><p>\u00a0<\/p><h3>Welchen Nutzen haben wir aus den verschiedenen Arten von Cookies?<\/h3><p><strong>Nach seinem Zweck:<\/strong><\/p><p><u>Technische Cookies<\/u><\/p><p>Cookies sind wesentliche Techniken und f\u00fcr das ordnungsgem\u00e4\u00dfe Funktionieren eines Webportals und die Nutzung der verschiedenen angebotenen Optionen und Dienste unbedingt erforderlich.<\/p><p><br \/>Beispielsweise diejenigen, die der Aufrechterhaltung der Sitzung, dem Reaktionszeitmanagement, der Leistung oder Validierung von Optionen, der Verwendung von Sicherheitselementen, dem Teilen von Inhalten mit sozialen Netzwerken usw. dienen.<\/p><p>\u00a0<\/p><p><u>Personalisierungscookies<\/u><\/p><p>Diese Cookies erm\u00f6glichen es dem Benutzer, einige Merkmale der allgemeinen Optionen der Website festzulegen oder anzupassen. Zum Beispiel die Einstellung der Sprache, der regionalen Einstellungen oder des Browsertyps.<\/p><p>\u00a0<\/p><p><u>Analytische Cookies<\/u><\/p><p>Analytische Cookies werden von unseren Webportalen verwendet, um Browserprofile zu erstellen und Benutzerpr\u00e4ferenzen zu kennen, um das Angebot an Produkten und Dienstleistungen zu verbessern.<\/p><p>\u00a0<\/p><p>Beispielsweise w\u00fcrden durch ein analytisches \u201eCookie\u201c die geografischen Gebiete kontrolliert, die f\u00fcr einen Benutzer am interessantesten sind, welches Produkt am weitesten verbreitet ist usw.<\/p><p>\u00a0<\/p><p><u>Werbung\/Werbe-Cookies<\/u><\/p><p>Werbe-Cookies erm\u00f6glichen die Verwaltung von Werbefl\u00e4chen nach bestimmten Kriterien. Zum Beispiel die H\u00e4ufigkeit des Zugriffs, bearbeitete Inhalte usw.<\/p><p>\u00a0<\/p><p>Werbe-Cookies erm\u00f6glichen durch die Werbeverwaltung die Speicherung von Verhaltensinformationen durch die Beobachtung von Gewohnheiten, die Untersuchung des Zugriffs und die Erstellung eines Profils der Benutzerpr\u00e4ferenzen, um Werbung anzubieten, die auf die Interessen Ihres Profils abgestimmt ist.<\/p><p>\u00a0<\/p><p><strong>Laut Frist:<\/strong><\/p><p><u>Sitzungscookies<\/u><\/p><p>Sitzungscookies sind solche, die so lange bestehen bleiben, wie der Benutzer auf der Website surft, und gel\u00f6scht werden, wenn der Benutzer dies beendet.<\/p><p>\u00a0<\/p><p><u>Dauerhafte Cookies<\/u><\/p><p>Diese Cookies werden f\u00fcr einen l\u00e4ngeren Zeitraum auf dem Endger\u00e4t des Benutzers gespeichert und erleichtern so die Kontrolle der gew\u00e4hlten Pr\u00e4ferenzen, ohne dass bei jedem Besuch der Website bestimmte Parameter wiederholt werden m\u00fcssen.<\/p><p>\u00a0<\/p><h3>Was ist, wenn ich diese Cookies nicht haben m\u00f6chte oder nichts tue?<\/h3><p>Um der geltenden Gesetzgebung zu entsprechen, m\u00fcssen wir Sie um Erlaubnis zur Verwaltung von Cookies bitten. Wenn Sie sich entscheiden, die Behandlung nicht zu genehmigen, indem Sie angeben, dass Sie damit nicht einverstanden sind, verwenden wir nur technische Cookies, da diese f\u00fcr die Navigation auf unserer Website unerl\u00e4sslich sind. In diesem Fall w\u00fcrden wir keine Cookies speichern. Wenn Sie weiterhin auf unserer Website surfen, ohne die Autorisierung zu verweigern, bedeutet dies, dass Sie deren Nutzung akzeptieren.<\/p><p>\u00a0<\/p><p>Bitte beachten Sie, dass wir Ihre Pr\u00e4ferenzen nicht beibehalten k\u00f6nnen, wenn Sie Webbrowser-Cookies ablehnen oder l\u00f6schen, einige Funktionen der Seiten nicht funktionsf\u00e4hig sind, wir Ihnen keine personalisierten Dienste anbieten k\u00f6nnen und wir jedes Mal, wenn Sie auf unserer Website surfen, dies tun muss sol. Bitten Sie uns erneut um Ihre Zustimmung zur Verwendung von Cookies.<\/p><p>\u00a0<\/p><p>Wenn Sie sich jedoch dazu entschlie\u00dfen, die Konfiguration Ihres Zugriffs auf die Website zu \u00e4ndern, sollten Sie wissen, dass Sie jederzeit die M\u00f6glichkeit haben, Cookies zu l\u00f6schen oder die Speicherung dieser Informationen auf Ihrem Computer zu verhindern, indem Sie die Konfigurationsparameter Ihres Browsers \u00e4ndern:<\/p><p>\u00a0<\/p><ul><li><p><a href=\"https:\/\/windows.microsoft.com\/es-es\/windows-vista\/block-or-allow-cookies\" target=\"_blanc\" rel=\"noopener noreferrer nofollow\">Einstellungen <em>Kekse<\/em> Internet Explorer<\/a><\/p><\/li><li><p><a href=\"https:\/\/support.mozilla.org\/ca\/kb\/enable-and-disable-cookies-website-preferences\" target=\"_blanc\" rel=\"noopener noreferrer nofollow\">Einstellungen <em>Kekse<\/em>\u00a0von Firefox<\/a><\/p><\/li><li><p><a href=\"https:\/\/support.google.com\/chrome\/answer\/95647?hl=ca\" target=\"_blanc\" rel=\"noopener noreferrer nofollow\">Einstellungen <em>Kekse<\/em>\u00a0von Google Chrome<\/a><\/p><\/li><li><p><a href=\"https:\/\/support.apple.com\/kb\/HT1677?viewlocale=es_ES&amp;locale=es_ES\" target=\"_blanc\" rel=\"noopener noreferrer nofollow\">Einstellungen <em>Kekse<\/em>\u00a0von Safari<\/a><\/p><\/li><\/ul><p>\u00a0<\/p><p>Diese Browser unterliegen Aktualisierungen oder \u00c4nderungen, daher k\u00f6nnen wir nicht garantieren, dass sie sich vollst\u00e4ndig an die Version Ihres Browsers anpassen. Sie k\u00f6nnen auch einen anderen Browser verwenden, der nicht in diesen Links enthalten ist, z. B. Konqueror, Arora, Flock usw.<\/p><p>\u00a0<\/p><p>Um diese Ungleichgewichte zu vermeiden, k\u00f6nnen Sie direkt \u00fcber die Optionen Ihres Browsers darauf zugreifen, die Sie normalerweise im Men\u00fc \u201eOptionen\u201c im Abschnitt \u201eDatenschutz\u201c finden. (Weitere Informationen finden Sie in der Hilfe Ihres Browsers.)<\/p><p>\u00a0<\/p><h3>Werden die in Cookies gesammelten Daten auf Websites verwendet, die nicht DIESE WEBSITE sind?<\/h3><p>Einige unserer Cookies werden verwendet, um Werbung in Netzwerken Dritter zu generieren oder um Analysen durchzuf\u00fchren, f\u00fcr die wir Tools au\u00dferhalb dieser WEBSITE verwenden. Die verwendeten Cookies sind ausschlie\u00dflich f\u00fcr die Verwendung durch die Bank und ihre Unternehmensgruppe bestimmt und werden in keinem Fall verkauft.<\/p><p>Auf dieser WEBSITE arbeiten wir mit vertrauensw\u00fcrdigen Lieferanten zusammen, die uns bei der Verwaltung und Personalisierung unserer Webseiten unterst\u00fctzen.<\/p><p>\u00a0<\/p><h3>Was bedeuten die oben genannten Informationen?<\/h3><p>Wenn Sie unsere Cookies akzeptieren, erlauben Sie uns, die Websites DIESER WEBSITE zu verbessern, um Ihnen einen optimalen Zugang zu bieten und Ihnen einen effektiveren und personalisierteren Service zu bieten.<\/p><p>\u00a0<\/p><p>Dar\u00fcber hinaus k\u00f6nnen Sie Ihren Browser so einstellen, dass nur vertrauensw\u00fcrdige Websites oder Seiten, die Sie gerade besuchen, die Verwaltung von Cookies zulassen, sodass Sie Ihre Pr\u00e4ferenzen ausw\u00e4hlen k\u00f6nnen.<\/p><p>\u00a0<\/p><p>Mit dieser Richtlinie zeigt DIESE WEBSITE das Engagement, das sie mit der aktuellen Gesetzgebung zur Verwendung von Cookies eingegangen ist, und stellt Ihnen Informationen zur Verf\u00fcgung, damit Sie verstehen, welche Art von Cookies wir verwenden und warum wir dies tun. Hiermit m\u00f6chten wir Ihnen Transparenz dar\u00fcber verschaffen, welche Daten beim Navigieren auf unserer Website von Ihrem Endger\u00e4t aus verarbeitet werden.<\/p><p>Diese Richtlinie wird regelm\u00e4\u00dfig \u00fcberpr\u00fcft, um ihre G\u00fcltigkeit sicherzustellen, und kann daher ge\u00e4ndert werden. Wir empfehlen Ihnen, die Seite regelm\u00e4\u00dfig zu besuchen. Dort informieren wir Sie \u00fcber etwaige Aktualisierungen.<\/p><p>\u00a0<\/p><h3>\u00bfWo kann ich weitere Informationen erhalten?<\/h3><p>Wenn Sie weitere Informationen zur Cookie-Richtlinie ben\u00f6tigen, konsultieren Sie bitte das am 31. M\u00e4rz 2012 ver\u00f6ffentlichte Amtsblatt (f\u00fcr Spanien), in dem die Richtlinien zur elektronischen Kommunikation umgesetzt werden. Sie k\u00f6nnen die Richtlinie auch unter einsehen <a href=\"https:\/\/ico.org.uk\/\" target=\"_blank\" rel=\"noopener noreferrer nofollow\">B\u00fcro des Informationskommissars<\/a> (auf Englisch).<\/p><p>\u00a0<\/p><p>Dar\u00fcber hinaus k\u00f6nnen Sie auf von der spanischen Datenschutzbeh\u00f6rde ver\u00f6ffentlichte Lehrvideos zugreifen, die Schritt f\u00fcr Schritt erkl\u00e4ren, wie Sie die Datenschutzoptionen von Browsern, sozialen Netzwerken und den g\u00e4ngigsten mobilen Betriebssystemen konfigurieren <a href=\"https:\/\/www.youtube.com\/user\/desdelaAEPD\" target=\"_blank\" rel=\"noopener noreferrer nofollow\">AEPD-Videos<\/a>.<\/p>\t\t\t\t\t\t\t\t<\/div>\n\t\t\t\t<\/div>\n\t\t\t\t\t<\/div>\n\t\t\t\t<\/div>\n\t\t\t\t<\/div>","protected":false},"excerpt":{"rendered":"<p>Pol\u00edtica de privacidad \u00bfQu\u00e9 son las cookies? Las cookies son peque\u00f1os archivos de datos que se reciben en el terminal desde el sitio web visitado y se usan para registrar ciertas interacciones de la navegaci\u00f3n en un sitio web almacenando datos que podr\u00e1n ser actualizados y recuperados. Estos archivos se almacenan en el ordenador del [&hellip;]<\/p>\n","protected":false},"author":1,"featured_media":0,"parent":0,"menu_order":0,"comment_status":"closed","ping_status":"closed","template":"","meta":{"site-sidebar-layout":"no-sidebar","site-content-layout":"page-builder","ast-site-content-layout":"full-width-container","site-content-style":"default","site-sidebar-style":"default","ast-global-header-display":"","ast-banner-title-visibility":"","ast-main-header-display":"","ast-hfb-above-header-display":"","ast-hfb-below-header-display":"","ast-hfb-mobile-header-display":"","site-post-title":"disabled","ast-breadcrumbs-content":"","ast-featured-img":"disabled","footer-sml-layout":"","ast-disable-related-posts":"","theme-transparent-header-meta":"","adv-header-id-meta":"","stick-header-meta":"","header-above-stick-meta":"","header-main-stick-meta":"","header-below-stick-meta":"","astra-migrate-meta-layouts":"set","ast-page-background-enabled":"default","ast-page-background-meta":{"desktop":{"background-color":"","background-image":"","background-repeat":"repeat","background-position":"center center","background-size":"auto","background-attachment":"scroll","background-type":"","background-media":"","overlay-type":"","overlay-color":"","overlay-opacity":"","overlay-gradient":""},"tablet":{"background-color":"","background-image":"","background-repeat":"repeat","background-position":"center center","background-size":"auto","background-attachment":"scroll","background-type":"","background-media":"","overlay-type":"","overlay-color":"","overlay-opacity":"","overlay-gradient":""},"mobile":{"background-color":"","background-image":"","background-repeat":"repeat","background-position":"center center","background-size":"auto","background-attachment":"scroll","background-type":"","background-media":"","overlay-type":"","overlay-color":"","overlay-opacity":"","overlay-gradient":""}},"ast-content-background-meta":{"desktop":{"background-color":"var(--ast-global-color-5)","background-image":"","background-repeat":"repeat","background-position":"center center","background-size":"auto","background-attachment":"scroll","background-type":"","background-media":"","overlay-type":"","overlay-color":"","overlay-opacity":"","overlay-gradient":""},"tablet":{"background-color":"var(--ast-global-color-5)","background-image":"","background-repeat":"repeat","background-position":"center center","background-size":"auto","background-attachment":"scroll","background-type":"","background-media":"","overlay-type":"","overlay-color":"","overlay-opacity":"","overlay-gradient":""},"mobile":{"background-color":"var(--ast-global-color-5)","background-image":"","background-repeat":"repeat","background-position":"center center","background-size":"auto","background-attachment":"scroll","background-type":"","background-media":"","overlay-type":"","overlay-color":"","overlay-opacity":"","overlay-gradient":""}},"footnotes":""},"class_list":["post-1681","page","type-page","status-publish","hentry"],"_links":{"self":[{"href":"https:\/\/campingsantaeulalia.com\/de\/wp-json\/wp\/v2\/pages\/1681","targetHints":{"allow":["GET"]}}],"collection":[{"href":"https:\/\/campingsantaeulalia.com\/de\/wp-json\/wp\/v2\/pages"}],"about":[{"href":"https:\/\/campingsantaeulalia.com\/de\/wp-json\/wp\/v2\/types\/page"}],"author":[{"embeddable":true,"href":"https:\/\/campingsantaeulalia.com\/de\/wp-json\/wp\/v2\/users\/1"}],"replies":[{"embeddable":true,"href":"https:\/\/campingsantaeulalia.com\/de\/wp-json\/wp\/v2\/comments?post=1681"}],"version-history":[{"count":4,"href":"https:\/\/campingsantaeulalia.com\/de\/wp-json\/wp\/v2\/pages\/1681\/revisions"}],"predecessor-version":[{"id":1685,"href":"https:\/\/campingsantaeulalia.com\/de\/wp-json\/wp\/v2\/pages\/1681\/revisions\/1685"}],"wp:attachment":[{"href":"https:\/\/campingsantaeulalia.com\/de\/wp-json\/wp\/v2\/media?parent=1681"}],"curies":[{"name":"wp","href":"https:\/\/api.w.org\/{rel}","templated":true}]}}