{"id":2146,"date":"2024-06-10T16:49:12","date_gmt":"2024-06-10T15:49:12","guid":{"rendered":"https:\/\/campingsantaeulalia.com\/?page_id=2146"},"modified":"2024-06-11T08:09:20","modified_gmt":"2024-06-11T07:09:20","slug":"termes-i-condicions","status":"publish","type":"page","link":"https:\/\/campingsantaeulalia.com\/ca\/terminos-y-condiciones\/","title":{"rendered":"Termes i condicions"},"content":{"rendered":"<h1 class=\"wp-block-heading\">Termes i condicions<\/h1>\n\n\n\n<p><strong>1. Informaci\u00f3 General<\/strong><\/p>\n\n\n\n<p>En compliment de la Llei 34\/2002, d&#039;11 de juliol, de serveis de la societat de la informaci\u00f3 i de comer\u00e7 electr\u00f2nic, s&#039;informa els usuaris de la p\u00e0gina web de Camping Santa Eulalia de les dades seg\u00fcents:<\/p>\n\n\n\n<p>a) Nom o denominaci\u00f3 social: Centre de Negocis TGN SL<\/p>\n\n\n\n<p>b) Domicili social: Adre\u00e7a: Ctra. De la platja, sn 43893 Altafulla (Tarragona)<\/p>\n\n\n\n<p>c) Adre\u00e7a de correu electr\u00f2nic: info@campingsantaeulalia.com<\/p>\n\n\n\n<p>d) Tel\u00e8fon: (+34) 977 65 02 13<\/p>\n\n\n\n<p>e) N\u00famero d&#039;identificaci\u00f3 fiscal (NIF): B43674431<\/p>\n\n\n\n<p><strong>2. Pol\u00edtica de Cancel\u00b7laci\u00f3 de Comandes<\/strong><\/p>\n\n\n\n<p>Les condicions de cancel\u00b7laci\u00f3 s\u00f3n les seg\u00fcents:<\/p>\n\n\n\n<ul class=\"wp-block-list\">\n<li>Cancel\u00b7lacions amb m\u00e9s de 30 dies d&#039;antelaci\u00f3: Devoluci\u00f3 del 90% de la paga i senyal.<\/li>\n\n\n\n<li>Cancel\u00b7lacions amb menys de 30 dies i m\u00e9s de 14 dies d&#039;antelaci\u00f3: Devoluci\u00f3 del 50% de la paga i senyal.<\/li>\n\n\n\n<li>Cancel\u00b7lacions amb menys de 14 dies d&#039;antelaci\u00f3: No es far\u00e0 cap devoluci\u00f3.<\/li>\n<\/ul>\n\n\n\n<p><strong>3. Pol\u00edtica de Devoluci\u00f3 i Reemborsament<\/strong><\/p>\n\n\n\n<p>En cas de cancel\u00b7laci\u00f3 d&#039;acord amb els termes anteriors, el reemborsament s&#039;ha de fer utilitzant el mateix m\u00e8tode de pagament emprat en la transacci\u00f3 inicial, llevat que s&#039;hagi acordat expressament el contrari. Ens esforcem per processar les devolucions en el menor temps possible.<\/p>\n\n\n\n<p><strong>4. Seguretat i Protecci\u00f3 a Compradors (Pol\u00edtica de Cookies)<\/strong><\/p>\n\n\n\n<p>La nostra web utilitza galetes per garantir la millor experi\u00e8ncia d&#039;usuari. Les cookies s\u00f3n arxius de text que s&#039;emmagatzemen al dispositiu en visitar el nostre lloc web. Per a m\u00e9s informaci\u00f3 sobre l&#039;\u00fas de cookies, consulteu la nostra <a href=\"https:\/\/campingsantaeulalia.com\/ca\/politica-de-privadesa\/\" data-type=\"page\" data-id=\"1681\">Pol\u00edtica de Cookies<\/a>.<\/p>\n\n\n\n<p><strong>5. Enviaments, Privadesa i Protecci\u00f3 de Dades<\/strong><\/p>\n\n\n\n<p>Camping Santa Eulalia es compromet a protegir la privadesa dels seus usuaris i la confidencialitat de les seves dades personals, d&#039;acord amb el que disposa el Reglament General de Protecci\u00f3 de Dades (RGPD) i la Llei Org\u00e0nica 3\/2018 de Protecci\u00f3 de Dades Personals i garantia dels drets digitals.<\/p>\n\n\n\n<p><strong>Recollida de dades personals:<\/strong><\/p>\n\n\n\n<p>Les dades personals recollides a trav\u00e9s de la nostra p\u00e0gina web seran incorporades a un fitxer de dades de car\u00e0cter personal de qu\u00e8 \u00e9s responsable Centre de Negocis TGN SL, amb la finalitat de gestionar la relaci\u00f3 amb els usuaris, respondre a les seves sol\u00b7licituds i millorar els nostres serveis.<\/p>\n\n\n\n<p><strong>Drets de l&#039;Usuari:<\/strong><\/p>\n\n\n\n<p>Els usuaris poden exercir els drets d&#039;acc\u00e9s, rectificaci\u00f3, cancel\u00b7laci\u00f3 i oposici\u00f3 mitjan\u00e7ant comunicaci\u00f3 escrita a la nostra adre\u00e7a postal o per correu electr\u00f2nic, adjuntant una c\u00f2pia del vostre document d&#039;identitat.<\/p>\n\n\n\n<p><strong>Confidencialitat i Seguretat:<\/strong><\/p>\n\n\n\n<p>C\u00e0mping Santa Eulalia adopta les mesures t\u00e8cniques i organitzatives necess\u00e0ries per garantir la seguretat i la integritat de les dades personals i evitar la seva alteraci\u00f3, p\u00e8rdua, tractament o acc\u00e9s no autoritzat, d&#039;acord amb l&#039;estat de la tecnologia.<\/p>\n\n\n\n<p>Per qualsevol dubte o consulta sobre aquests termes i condicions, si us plau, poseu-vos en contacte amb nosaltres a trav\u00e9s del nostre correu electr\u00f2nic info@campingsantaeulalia.com.<\/p>\n\n\n\n<p><strong>6. Modificacions<\/strong><\/p>\n\n\n\n<p>Centre de Negocis TGN SL es reserva el dret de modificar les presents condicions sense av\u00eds previ. Les modificacions seran publicades en aquesta mateixa p\u00e0gina i tindran efecte des del moment de la publicaci\u00f3.<\/p>","protected":false},"excerpt":{"rendered":"<p>Terminos y condiciones 1. Informaci\u00f3n General En cumplimiento de la Ley 34\/2002, de 11 de julio, de servicios de la sociedad de la informaci\u00f3n y de comercio electr\u00f3nico, se informa a los usuarios de la p\u00e1gina web de Camping Santa Eulalia de los siguientes datos: a) Nombre o denominaci\u00f3n social: Centre de Negocis TGN S.L. [&hellip;]<\/p>\n","protected":false},"author":1,"featured_media":0,"parent":0,"menu_order":0,"comment_status":"closed","ping_status":"closed","template":"","meta":{"site-sidebar-layout":"default","site-content-layout":"","ast-site-content-layout":"default","site-content-style":"default","site-sidebar-style":"default","ast-global-header-display":"","ast-banner-title-visibility":"","ast-main-header-display":"","ast-hfb-above-header-display":"","ast-hfb-below-header-display":"","ast-hfb-mobile-header-display":"","site-post-title":"","ast-breadcrumbs-content":"","ast-featured-img":"","footer-sml-layout":"","ast-disable-related-posts":"","theme-transparent-header-meta":"","adv-header-id-meta":"","stick-header-meta":"","header-above-stick-meta":"","header-main-stick-meta":"","header-below-stick-meta":"","astra-migrate-meta-layouts":"set","ast-page-background-enabled":"default","ast-page-background-meta":{"desktop":{"background-color":"","background-image":"","background-repeat":"repeat","background-position":"center center","background-size":"auto","background-attachment":"scroll","background-type":"","background-media":"","overlay-type":"","overlay-color":"","overlay-opacity":"","overlay-gradient":""},"tablet":{"background-color":"","background-image":"","background-repeat":"repeat","background-position":"center center","background-size":"auto","background-attachment":"scroll","background-type":"","background-media":"","overlay-type":"","overlay-color":"","overlay-opacity":"","overlay-gradient":""},"mobile":{"background-color":"","background-image":"","background-repeat":"repeat","background-position":"center center","background-size":"auto","background-attachment":"scroll","background-type":"","background-media":"","overlay-type":"","overlay-color":"","overlay-opacity":"","overlay-gradient":""}},"ast-content-background-meta":{"desktop":{"background-color":"var(--ast-global-color-5)","background-image":"","background-repeat":"repeat","background-position":"center center","background-size":"auto","background-attachment":"scroll","background-type":"","background-media":"","overlay-type":"","overlay-color":"","overlay-opacity":"","overlay-gradient":""},"tablet":{"background-color":"var(--ast-global-color-5)","background-image":"","background-repeat":"repeat","background-position":"center center","background-size":"auto","background-attachment":"scroll","background-type":"","background-media":"","overlay-type":"","overlay-color":"","overlay-opacity":"","overlay-gradient":""},"mobile":{"background-color":"var(--ast-global-color-5)","background-image":"","background-repeat":"repeat","background-position":"center center","background-size":"auto","background-attachment":"scroll","background-type":"","background-media":"","overlay-type":"","overlay-color":"","overlay-opacity":"","overlay-gradient":""}},"footnotes":""},"class_list":["post-2146","page","type-page","status-publish","hentry"],"_links":{"self":[{"href":"https:\/\/campingsantaeulalia.com\/ca\/wp-json\/wp\/v2\/pages\/2146","targetHints":{"allow":["GET"]}}],"collection":[{"href":"https:\/\/campingsantaeulalia.com\/ca\/wp-json\/wp\/v2\/pages"}],"about":[{"href":"https:\/\/campingsantaeulalia.com\/ca\/wp-json\/wp\/v2\/types\/page"}],"author":[{"embeddable":true,"href":"https:\/\/campingsantaeulalia.com\/ca\/wp-json\/wp\/v2\/users\/1"}],"replies":[{"embeddable":true,"href":"https:\/\/campingsantaeulalia.com\/ca\/wp-json\/wp\/v2\/comments?post=2146"}],"version-history":[{"count":3,"href":"https:\/\/campingsantaeulalia.com\/ca\/wp-json\/wp\/v2\/pages\/2146\/revisions"}],"predecessor-version":[{"id":2152,"href":"https:\/\/campingsantaeulalia.com\/ca\/wp-json\/wp\/v2\/pages\/2146\/revisions\/2152"}],"wp:attachment":[{"href":"https:\/\/campingsantaeulalia.com\/ca\/wp-json\/wp\/v2\/media?parent=2146"}],"curies":[{"name":"wp","href":"https:\/\/api.w.org\/{rel}","templated":true}]}}