{"id":1704,"date":"2024-01-29T12:30:00","date_gmt":"2024-01-29T11:30:00","guid":{"rendered":"http:\/\/campingsantaeulalia.com\/?page_id=1704"},"modified":"2024-01-29T12:30:25","modified_gmt":"2024-01-29T11:30:25","slug":"covid-19","status":"publish","type":"page","link":"https:\/\/campingsantaeulalia.com\/ca\/covid-19\/","title":{"rendered":"Covid-19"},"content":{"rendered":"<div data-elementor-type=\"wp-page\" data-elementor-id=\"1704\" class=\"elementor elementor-1704\" data-elementor-post-type=\"page\">\n\t\t\t\t<div class=\"elementor-element elementor-element-8f4d0c8 e-flex e-con-boxed e-con e-parent\" data-id=\"8f4d0c8\" data-element_type=\"container\" data-e-type=\"container\">\n\t\t\t\t\t<div class=\"e-con-inner\">\n\t\t\t\t<div class=\"elementor-element elementor-element-c74a9c2 elementor-widget elementor-widget-heading\" data-id=\"c74a9c2\" data-element_type=\"widget\" data-e-type=\"widget\" data-widget_type=\"heading.default\">\n\t\t\t\t<div class=\"elementor-widget-container\">\n\t\t\t\t\t<h2 class=\"elementor-heading-title elementor-size-default\">Covid-19<\/h2>\t\t\t\t<\/div>\n\t\t\t\t<\/div>\n\t\t\t\t<div class=\"elementor-element elementor-element-159beab elementor-widget elementor-widget-text-editor\" data-id=\"159beab\" data-element_type=\"widget\" data-e-type=\"widget\" data-widget_type=\"text-editor.default\">\n\t\t\t\t<div class=\"elementor-widget-container\">\n\t\t\t\t\t\t\t\t\t<h3 class=\"wp-block-heading\">PERSONAL DEL C\u00c0MPING:<\/h3><ul><li>Tots els treballadors del C\u00e0mping s\u00f3n coneixedors dels protocols a seguir. A tots ells se&#039;ls prendr\u00e0 la temperatura abans d&#039;incorporar-se al seu lloc de treball i portaran tots els EPIS necessaris.<\/li><\/ul><h3 class=\"wp-block-heading\">CHECK-IN RECEPCI\u00d3:<\/h3><ul><li>Donada la situaci\u00f3, demanem als nostres clients comprensi\u00f3 davant de possibles esperes, per tal de respectar la dist\u00e0ncia de seguretat i les mesures de prevenci\u00f3. Al taulell nom\u00e9s es podr\u00e0 adre\u00e7ar 1 persona per fam\u00edlia. Aquesta \u00e9s la que far\u00e0 el registre de tota la unitat familiar i haur\u00e0 d&#039;aportar tota la documentaci\u00f3 i\/o identificaci\u00f3 necess\u00e0ria.<\/li><li>Hi haur\u00e0 una mampara de metacrilat amb finestreta inferior estreta, que separi el\/la recepcionista del client.<\/li><li>La mampara es netejar\u00e0 amb freq\u00fc\u00e8ncia, per les possibles restes que s&#039;hi puguin dipositar.<\/li><li>S&#039;informar\u00e0 el client dels protocols existents a cada \u00e0rea dins de l&#039;establiment i se li lliurar\u00e0 una guia de bones pr\u00e0ctiques.<\/li><li>El personal de recepci\u00f3 i seguretat indicar\u00e0 al client on deixar el vehicle mentre es realitza el check-in.<\/li><\/ul><h3 class=\"wp-block-heading\">VISITES:<\/h3><ul><li>Se&#039;ls aplicaran les mateixes mesures de check-in que a la resta de clients i l&#039;aplicaci\u00f3 del present reglament.<\/li><\/ul><h3 class=\"wp-block-heading\">ALLOTJAMENTS:<\/h3><ul><li>Se&#039;ls acompanyar\u00e0 fins al bungalow\/casa OASIS i se&#039;ls explicar\u00e0 el seu funcionament sense entrar-hi, ja que els allotjaments, abans de la nova ocupaci\u00f3, hauran estat desinfectats i aix\u00ed se&#039;n garantir\u00e0 la seguretat. Les claus de l&#039;allotjament us seran lliurades desinfectades.<\/li><\/ul><h3 class=\"wp-block-heading\">PISCINES:<\/h3><ul><li>Seguint les normes d&#039;aforament, el personal de vigil\u00e0ncia ha de controlar l&#039;acc\u00e9s a aquesta. El servei ser\u00e0 intermitent per poder realitzar les accions de desinfecci\u00f3 a les zones comunes. Hem redu\u00eft el necessari, el nombre de gandules per donar compliment a la dist\u00e0ncia de seguretat. El personal aplicar\u00e0 la desinfecci\u00f3 de les mateixes.<\/li><\/ul><h3 class=\"wp-block-heading\">ACTIVITATS:<\/h3><ul><li>Seguir el protocol establert i mantenir la dist\u00e0ncia de seguretat i la higiene pertinent. L\u00b4equip d\u00b4animaci\u00f3 comunicar\u00e0 l\u00b4aforament m\u00e0xim per a cada tipus d\u00b4activitat. Tenir consci\u00e8ncia de la situaci\u00f3 i prendre les mesures correctes d&#039;higiene personal per ajudar-nos m\u00fatuament.<\/li><\/ul><h3 class=\"wp-block-heading\">\u00c0REES COMUNS:<\/h3><ul><li>Els menors de 14 anys sempre han d&#039;estar acompanyats d&#039;un adult fins que les autoritats competents rebaixin les fases d&#039;alerta. \u00c9s responsabilitat dels pares i mares o tutors, vigilar el comportament dels fills o tutelats en aquests moments d&#039;excepcionalitat.<\/li><li>Es far\u00e0 una neteja constant i es prendran les mesures establertes de dist\u00e0ncia de seguretat i higiene. Les \u00e0rees comunes (recepci\u00f3, restaurants, piscines, sala polivalent, etc\u2026..) tindran cartelleria indicant els protocols a seguir.<\/li><li>Hi haur\u00e0 a disposici\u00f3 dels clients, gel desinfectant i la constant neteja de taulells a tots els punts de servei.<\/li><li>FONTS D&#039;AIGUA POTABLE: \u00c9s molt important que segueixin les instruccions dels cartells informatius. Nom\u00e9s els adults podran omplir les ampolles d&#039;aigua sense tocar directament el coll de l&#039;ampolla amb les aixetes.<\/li><li>PARCEL\u00b7LES: \u00c9s responsabilitat dels clients respectar els espais de les parcel\u00b7les confrontants i evitar ocupar en la mesura del possible, sempre sota la seva pr\u00f2pia responsabilitat.<\/li><li>BLOCS SANITARIS: Hi haur\u00e0 neteja i desinfecci\u00f3 constantment. El personal de neteja est\u00e0 format per fer la correcta desinfecci\u00f3 i s&#039;utilitzaran els productes homologats pel Departament de Sanitat destinats a fer-ho.<\/li><li>PIQUES LAVA-PLATOS: Estaran obertes i se&#039;ls aplicar\u00e0 la neteja i desinfecci\u00f3 constant com a la resta del sanitari, per\u00f2 sempre aconsellem mantenir la dist\u00e0ncia de seguretat entre clients.<\/li><\/ul><h3 class=\"wp-block-heading\">INCID\u00c8NCIES I CONSULTES:<\/h3><ul><li>Preguem que totes les consultes i sol\u00b7licituds de serveis, tant abans de l&#039;arribada com durant la vostra estada, es facin via telef\u00f2nica (+34 977 65 02 13) (+34 650 12 56 81)<\/li><\/ul>\t\t\t\t\t\t\t\t<\/div>\n\t\t\t\t<\/div>\n\t\t\t\t\t<\/div>\n\t\t\t\t<\/div>\n\t\t\t\t<\/div>","protected":false},"excerpt":{"rendered":"<p>Covid-19 PERSONAL DEL CAMPING: Todos los trabajadores del Camping, son conocedores de los protocolos a seguir. A todos ellos se les tomar\u00e1 la temperatura antes de incorporarse a su puesto de trabajo y llevaran todos los EPIS necesarios. CHECK-IN RECEPCI\u00d3N: Dada la situaci\u00f3n, pedimos a nuestros clientes comprensi\u00f3n ante posibles esperas, con el fin de [&hellip;]<\/p>\n","protected":false},"author":1,"featured_media":0,"parent":0,"menu_order":0,"comment_status":"closed","ping_status":"closed","template":"","meta":{"site-sidebar-layout":"no-sidebar","site-content-layout":"page-builder","ast-site-content-layout":"full-width-container","site-content-style":"default","site-sidebar-style":"default","ast-global-header-display":"","ast-banner-title-visibility":"","ast-main-header-display":"","ast-hfb-above-header-display":"","ast-hfb-below-header-display":"","ast-hfb-mobile-header-display":"","site-post-title":"disabled","ast-breadcrumbs-content":"","ast-featured-img":"disabled","footer-sml-layout":"","ast-disable-related-posts":"","theme-transparent-header-meta":"","adv-header-id-meta":"","stick-header-meta":"","header-above-stick-meta":"","header-main-stick-meta":"","header-below-stick-meta":"","astra-migrate-meta-layouts":"set","ast-page-background-enabled":"default","ast-page-background-meta":{"desktop":{"background-color":"","background-image":"","background-repeat":"repeat","background-position":"center center","background-size":"auto","background-attachment":"scroll","background-type":"","background-media":"","overlay-type":"","overlay-color":"","overlay-opacity":"","overlay-gradient":""},"tablet":{"background-color":"","background-image":"","background-repeat":"repeat","background-position":"center center","background-size":"auto","background-attachment":"scroll","background-type":"","background-media":"","overlay-type":"","overlay-color":"","overlay-opacity":"","overlay-gradient":""},"mobile":{"background-color":"","background-image":"","background-repeat":"repeat","background-position":"center center","background-size":"auto","background-attachment":"scroll","background-type":"","background-media":"","overlay-type":"","overlay-color":"","overlay-opacity":"","overlay-gradient":""}},"ast-content-background-meta":{"desktop":{"background-color":"var(--ast-global-color-5)","background-image":"","background-repeat":"repeat","background-position":"center center","background-size":"auto","background-attachment":"scroll","background-type":"","background-media":"","overlay-type":"","overlay-color":"","overlay-opacity":"","overlay-gradient":""},"tablet":{"background-color":"var(--ast-global-color-5)","background-image":"","background-repeat":"repeat","background-position":"center center","background-size":"auto","background-attachment":"scroll","background-type":"","background-media":"","overlay-type":"","overlay-color":"","overlay-opacity":"","overlay-gradient":""},"mobile":{"background-color":"var(--ast-global-color-5)","background-image":"","background-repeat":"repeat","background-position":"center center","background-size":"auto","background-attachment":"scroll","background-type":"","background-media":"","overlay-type":"","overlay-color":"","overlay-opacity":"","overlay-gradient":""}},"footnotes":""},"class_list":["post-1704","page","type-page","status-publish","hentry"],"_links":{"self":[{"href":"https:\/\/campingsantaeulalia.com\/ca\/wp-json\/wp\/v2\/pages\/1704","targetHints":{"allow":["GET"]}}],"collection":[{"href":"https:\/\/campingsantaeulalia.com\/ca\/wp-json\/wp\/v2\/pages"}],"about":[{"href":"https:\/\/campingsantaeulalia.com\/ca\/wp-json\/wp\/v2\/types\/page"}],"author":[{"embeddable":true,"href":"https:\/\/campingsantaeulalia.com\/ca\/wp-json\/wp\/v2\/users\/1"}],"replies":[{"embeddable":true,"href":"https:\/\/campingsantaeulalia.com\/ca\/wp-json\/wp\/v2\/comments?post=1704"}],"version-history":[{"count":4,"href":"https:\/\/campingsantaeulalia.com\/ca\/wp-json\/wp\/v2\/pages\/1704\/revisions"}],"predecessor-version":[{"id":1708,"href":"https:\/\/campingsantaeulalia.com\/ca\/wp-json\/wp\/v2\/pages\/1704\/revisions\/1708"}],"wp:attachment":[{"href":"https:\/\/campingsantaeulalia.com\/ca\/wp-json\/wp\/v2\/media?parent=1704"}],"curies":[{"name":"wp","href":"https:\/\/api.w.org\/{rel}","templated":true}]}}